{"id":904,"date":"2025-06-14T08:53:47","date_gmt":"2025-06-14T08:53:47","guid":{"rendered":"https:\/\/dunkelbunt-productions.de\/?page_id=904"},"modified":"2026-01-17T06:17:09","modified_gmt":"2026-01-17T06:17:09","slug":"studio","status":"publish","type":"page","link":"https:\/\/dunkelbunt-productions.de\/?page_id=904","title":{"rendered":"Fotografie Studio"},"content":{"rendered":"\t\t<div data-elementor-type=\"wp-page\" data-elementor-id=\"904\" class=\"elementor elementor-904\" data-elementor-post-type=\"page\">\n\t\t\t\t<div class=\"elementor-element elementor-element-35691b9 e-flex e-con-boxed e-con e-parent\" data-id=\"35691b9\" data-element_type=\"container\" data-e-type=\"container\">\n\t\t\t\t\t<div class=\"e-con-inner\">\n\t\t<div class=\"elementor-element elementor-element-2a18c03 e-con-full e-flex e-con e-child\" data-id=\"2a18c03\" data-element_type=\"container\" data-e-type=\"container\">\n\t\t\t\t<div class=\"elementor-element elementor-element-0850029 elementor-widget elementor-widget-image\" data-id=\"0850029\" data-element_type=\"widget\" data-e-type=\"widget\" data-widget_type=\"image.default\">\n\t\t\t\t<div class=\"elementor-widget-container\">\n\t\t\t\t\t\t\t\t\t\t\t\t\t\t\t<img fetchpriority=\"high\" decoding=\"async\" width=\"500\" height=\"500\" src=\"https:\/\/dunkelbunt-productions.de\/wp-content\/uploads\/2026\/01\/4-2.png\" class=\"attachment-large size-large wp-image-1166\" alt=\"\" srcset=\"https:\/\/dunkelbunt-productions.de\/wp-content\/uploads\/2026\/01\/4-2.png 500w, https:\/\/dunkelbunt-productions.de\/wp-content\/uploads\/2026\/01\/4-2-300x300.png 300w, https:\/\/dunkelbunt-productions.de\/wp-content\/uploads\/2026\/01\/4-2-150x150.png 150w, https:\/\/dunkelbunt-productions.de\/wp-content\/uploads\/2026\/01\/4-2-75x75.png 75w\" sizes=\"(max-width: 500px) 100vw, 500px\" \/>\t\t\t\t\t\t\t\t\t\t\t\t\t\t\t<\/div>\n\t\t\t\t<\/div>\n\t\t\t\t<\/div>\n\t\t<div class=\"elementor-element elementor-element-20d8227 e-con-full e-flex e-con e-child\" data-id=\"20d8227\" data-element_type=\"container\" data-e-type=\"container\">\n\t\t<div class=\"elementor-element elementor-element-444e00a e-con-full e-flex e-con e-child\" data-id=\"444e00a\" data-element_type=\"container\" data-e-type=\"container\">\n\t\t\t\t<div class=\"elementor-element elementor-element-8d071ea elementor-widget__width-initial elementor-widget elementor-widget-text-editor\" data-id=\"8d071ea\" data-element_type=\"widget\" data-e-type=\"widget\" data-widget_type=\"text-editor.default\">\n\t\t\t\t<div class=\"elementor-widget-container\">\n\t\t\t\t\t\t\t\t\t<p>In meinem Heimstudio stehen dir ganzj\u00e4hrig 3 feste Themensets f\u00fcr dein Fotoshooting zur Verf\u00fcgung:<\/p><p>Gothic Throne<br \/>Dark Baroque<br \/>Japanischer Raum\u00a0<\/p><p>Selbstverst\u00e4ndlich biete ich dir ebenfalls einen Greenscreen und ein Hintergrundsystem mit dunklem, hellen und einem farbigen Hintergrund an.<\/p><p>Zudem baue ich Aktionssets, die jedoch nur zeitlich begrenzt zur Verf\u00fcgung stehen.\u00a0<\/p><p>Das Studio kann f\u00fcr Shootings aller Art genutzt werden (Portrait, Dark Art &amp; Fantasy, Cosplay &amp; Gewandung).<\/p><p>Eine Schminkecke und Kleiderst\u00e4nder sind ebenso verf\u00fcgbar wie eine gem\u00fctliche Sitzecke mit Snacks, Tee und Wasser.\u00a0 \u00a0<\/p>\t\t\t\t\t\t\t\t<\/div>\n\t\t\t\t<\/div>\n\t\t\t\t<\/div>\n\t\t\t\t<\/div>\n\t\t\t\t\t<\/div>\n\t\t\t\t<\/div>\n\t\t<div class=\"elementor-element elementor-element-609d0a1 e-flex e-con-boxed e-con e-parent\" data-id=\"609d0a1\" data-element_type=\"container\" data-e-type=\"container\">\n\t\t\t\t\t<div class=\"e-con-inner\">\n\t\t<div class=\"elementor-element elementor-element-51450b4 e-con-full e-flex e-con e-child\" data-id=\"51450b4\" data-element_type=\"container\" data-e-type=\"container\">\n\t\t\t\t<div class=\"elementor-element elementor-element-354287c elementor-widget elementor-widget-image\" data-id=\"354287c\" data-element_type=\"widget\" data-e-type=\"widget\" data-widget_type=\"image.default\">\n\t\t\t\t<div class=\"elementor-widget-container\">\n\t\t\t\t\t\t\t\t\t\t\t\t\t\t\t<img decoding=\"async\" width=\"500\" height=\"500\" src=\"https:\/\/dunkelbunt-productions.de\/wp-content\/uploads\/2026\/01\/1-4.png\" class=\"attachment-large size-large wp-image-1250\" alt=\"\" srcset=\"https:\/\/dunkelbunt-productions.de\/wp-content\/uploads\/2026\/01\/1-4.png 500w, https:\/\/dunkelbunt-productions.de\/wp-content\/uploads\/2026\/01\/1-4-300x300.png 300w, https:\/\/dunkelbunt-productions.de\/wp-content\/uploads\/2026\/01\/1-4-150x150.png 150w, https:\/\/dunkelbunt-productions.de\/wp-content\/uploads\/2026\/01\/1-4-75x75.png 75w\" sizes=\"(max-width: 500px) 100vw, 500px\" \/>\t\t\t\t\t\t\t\t\t\t\t\t\t\t\t<\/div>\n\t\t\t\t<\/div>\n\t\t\t\t<\/div>\n\t\t<div class=\"elementor-element elementor-element-9af25d5 e-con-full e-flex e-con e-child\" data-id=\"9af25d5\" data-element_type=\"container\" data-e-type=\"container\">\n\t\t\t\t<div class=\"elementor-element elementor-element-d82fb15 elementor-widget elementor-widget-gallery\" data-id=\"d82fb15\" data-element_type=\"widget\" data-e-type=\"widget\" data-settings=\"{&quot;gallery_layout&quot;:&quot;masonry&quot;,&quot;lazyload&quot;:&quot;yes&quot;,&quot;columns&quot;:4,&quot;columns_tablet&quot;:2,&quot;columns_mobile&quot;:1,&quot;gap&quot;:{&quot;unit&quot;:&quot;px&quot;,&quot;size&quot;:10,&quot;sizes&quot;:[]},&quot;gap_tablet&quot;:{&quot;unit&quot;:&quot;px&quot;,&quot;size&quot;:10,&quot;sizes&quot;:[]},&quot;gap_mobile&quot;:{&quot;unit&quot;:&quot;px&quot;,&quot;size&quot;:10,&quot;sizes&quot;:[]},&quot;link_to&quot;:&quot;file&quot;,&quot;overlay_background&quot;:&quot;yes&quot;,&quot;content_hover_animation&quot;:&quot;fade-in&quot;}\" data-widget_type=\"gallery.default\">\n\t\t\t\t<div class=\"elementor-widget-container\">\n\t\t\t\t\t\t\t\t<div class=\"elementor-gallery__titles-container e--pointer-underline e--animation-fade\" aria-label=\"Galeriefilter\">\n\t\t\t\t\n\t\t\t\t\t\t\t\t\t<a class=\"elementor-item elementor-gallery-title\" role=\"button\" tabindex=\"0\" data-gallery-index=\"0\">\n\t\t\t\t\t\tDark Throne\t\t\t\t\t<\/a>\n\t\t\t\t\t\t\t\t\t\t<a class=\"elementor-item elementor-gallery-title\" role=\"button\" tabindex=\"0\" data-gallery-index=\"1\">\n\t\t\t\t\t\tBaroque\t\t\t\t\t<\/a>\n\t\t\t\t\t\t\t\t\t\t<a class=\"elementor-item elementor-gallery-title\" role=\"button\" tabindex=\"0\" data-gallery-index=\"2\">\n\t\t\t\t\t\tJapanischer Raum\t\t\t\t\t<\/a>\n\t\t\t\t\t\t\t\t<\/div>\n\t\t\t\t\t<div class=\"elementor-gallery__container\">\n\t\t\t\t\t\t\t<a class=\"e-gallery-item elementor-gallery-item elementor-animated-content\" data-e-gallery-tags=\"0\" href=\"https:\/\/dunkelbunt-productions.de\/wp-content\/uploads\/2025\/09\/20250905_100813-2-scaled.jpg\" data-elementor-open-lightbox=\"yes\" data-elementor-lightbox-slideshow=\"d82fb15\" data-elementor-lightbox-title=\"20250905_100813-2\" data-e-action-hash=\"#elementor-action%3Aaction%3Dlightbox%26settings%3DeyJpZCI6MTA1MiwidXJsIjoiaHR0cHM6XC9cL2R1bmtlbGJ1bnQtcHJvZHVjdGlvbnMuZGVcL3dwLWNvbnRlbnRcL3VwbG9hZHNcLzIwMjVcLzA5XC8yMDI1MDkwNV8xMDA4MTMtMi1zY2FsZWQuanBnIiwic2xpZGVzaG93IjoiZDgyZmIxNSJ9\">\n\t\t\t\t\t<div class=\"e-gallery-image elementor-gallery-item__image\" data-thumbnail=\"https:\/\/dunkelbunt-productions.de\/wp-content\/uploads\/2025\/09\/20250905_100813-2-225x300.jpg\" data-width=\"225\" data-height=\"300\" aria-label=\"\" role=\"img\" ><\/div>\n\t\t\t\t\t\t\t\t\t\t\t<div class=\"elementor-gallery-item__overlay\"><\/div>\n\t\t\t\t\t\t\t\t\t\t\t\t\t\t<\/a>\n\t\t\t\t\t\t\t<a class=\"e-gallery-item elementor-gallery-item elementor-animated-content\" data-e-gallery-tags=\"0\" href=\"https:\/\/dunkelbunt-productions.de\/wp-content\/uploads\/2025\/09\/20250905_100841-2-scaled.jpg\" data-elementor-open-lightbox=\"yes\" data-elementor-lightbox-slideshow=\"d82fb15\" data-elementor-lightbox-title=\"20250905_100841-2\" data-e-action-hash=\"#elementor-action%3Aaction%3Dlightbox%26settings%3DeyJpZCI6MTA1MywidXJsIjoiaHR0cHM6XC9cL2R1bmtlbGJ1bnQtcHJvZHVjdGlvbnMuZGVcL3dwLWNvbnRlbnRcL3VwbG9hZHNcLzIwMjVcLzA5XC8yMDI1MDkwNV8xMDA4NDEtMi1zY2FsZWQuanBnIiwic2xpZGVzaG93IjoiZDgyZmIxNSJ9\">\n\t\t\t\t\t<div class=\"e-gallery-image elementor-gallery-item__image\" data-thumbnail=\"https:\/\/dunkelbunt-productions.de\/wp-content\/uploads\/2025\/09\/20250905_100841-2-225x300.jpg\" data-width=\"225\" data-height=\"300\" aria-label=\"\" role=\"img\" ><\/div>\n\t\t\t\t\t\t\t\t\t\t\t<div class=\"elementor-gallery-item__overlay\"><\/div>\n\t\t\t\t\t\t\t\t\t\t\t\t\t\t<\/a>\n\t\t\t\t\t\t\t<a class=\"e-gallery-item elementor-gallery-item elementor-animated-content\" data-e-gallery-tags=\"0\" href=\"https:\/\/dunkelbunt-productions.de\/wp-content\/uploads\/2025\/09\/20250905_094423-3.jpg\" data-elementor-open-lightbox=\"yes\" data-elementor-lightbox-slideshow=\"d82fb15\" data-elementor-lightbox-title=\"20250905_094423-3\" data-e-action-hash=\"#elementor-action%3Aaction%3Dlightbox%26settings%3DeyJpZCI6MTA0NSwidXJsIjoiaHR0cHM6XC9cL2R1bmtlbGJ1bnQtcHJvZHVjdGlvbnMuZGVcL3dwLWNvbnRlbnRcL3VwbG9hZHNcLzIwMjVcLzA5XC8yMDI1MDkwNV8wOTQ0MjMtMy5qcGciLCJzbGlkZXNob3ciOiJkODJmYjE1In0%3D\">\n\t\t\t\t\t<div class=\"e-gallery-image elementor-gallery-item__image\" data-thumbnail=\"https:\/\/dunkelbunt-productions.de\/wp-content\/uploads\/2025\/09\/20250905_094423-3-225x300.jpg\" data-width=\"225\" data-height=\"300\" aria-label=\"\" role=\"img\" ><\/div>\n\t\t\t\t\t\t\t\t\t\t\t<div class=\"elementor-gallery-item__overlay\"><\/div>\n\t\t\t\t\t\t\t\t\t\t\t\t\t\t<\/a>\n\t\t\t\t\t\t\t<a class=\"e-gallery-item elementor-gallery-item elementor-animated-content\" data-e-gallery-tags=\"0\" href=\"https:\/\/dunkelbunt-productions.de\/wp-content\/uploads\/2025\/09\/20250905_094413-2.jpg\" data-elementor-open-lightbox=\"yes\" data-elementor-lightbox-slideshow=\"d82fb15\" data-elementor-lightbox-title=\"20250905_094413-2\" data-e-action-hash=\"#elementor-action%3Aaction%3Dlightbox%26settings%3DeyJpZCI6MTA0MywidXJsIjoiaHR0cHM6XC9cL2R1bmtlbGJ1bnQtcHJvZHVjdGlvbnMuZGVcL3dwLWNvbnRlbnRcL3VwbG9hZHNcLzIwMjVcLzA5XC8yMDI1MDkwNV8wOTQ0MTMtMi5qcGciLCJzbGlkZXNob3ciOiJkODJmYjE1In0%3D\">\n\t\t\t\t\t<div class=\"e-gallery-image elementor-gallery-item__image\" data-thumbnail=\"https:\/\/dunkelbunt-productions.de\/wp-content\/uploads\/2025\/09\/20250905_094413-2-225x300.jpg\" data-width=\"225\" data-height=\"300\" aria-label=\"\" role=\"img\" ><\/div>\n\t\t\t\t\t\t\t\t\t\t\t<div class=\"elementor-gallery-item__overlay\"><\/div>\n\t\t\t\t\t\t\t\t\t\t\t\t\t\t<\/a>\n\t\t\t\t\t\t\t<a class=\"e-gallery-item elementor-gallery-item elementor-animated-content\" data-e-gallery-tags=\"0\" href=\"https:\/\/dunkelbunt-productions.de\/wp-content\/uploads\/2025\/09\/20250905_094418-2.jpg\" data-elementor-open-lightbox=\"yes\" data-elementor-lightbox-slideshow=\"d82fb15\" data-elementor-lightbox-title=\"20250905_094418-2\" data-e-action-hash=\"#elementor-action%3Aaction%3Dlightbox%26settings%3DeyJpZCI6MTA0NCwidXJsIjoiaHR0cHM6XC9cL2R1bmtlbGJ1bnQtcHJvZHVjdGlvbnMuZGVcL3dwLWNvbnRlbnRcL3VwbG9hZHNcLzIwMjVcLzA5XC8yMDI1MDkwNV8wOTQ0MTgtMi5qcGciLCJzbGlkZXNob3ciOiJkODJmYjE1In0%3D\">\n\t\t\t\t\t<div class=\"e-gallery-image elementor-gallery-item__image\" data-thumbnail=\"https:\/\/dunkelbunt-productions.de\/wp-content\/uploads\/2025\/09\/20250905_094418-2-300x225.jpg\" data-width=\"300\" data-height=\"225\" aria-label=\"\" role=\"img\" ><\/div>\n\t\t\t\t\t\t\t\t\t\t\t<div class=\"elementor-gallery-item__overlay\"><\/div>\n\t\t\t\t\t\t\t\t\t\t\t\t\t\t<\/a>\n\t\t\t\t\t\t\t<a class=\"e-gallery-item elementor-gallery-item elementor-animated-content\" data-e-gallery-tags=\"1\" href=\"https:\/\/dunkelbunt-productions.de\/wp-content\/uploads\/2025\/09\/20250905_094514-2.jpg\" data-elementor-open-lightbox=\"yes\" data-elementor-lightbox-slideshow=\"d82fb15\" data-elementor-lightbox-title=\"20250905_094514-2\" data-e-action-hash=\"#elementor-action%3Aaction%3Dlightbox%26settings%3DeyJpZCI6MTA0OCwidXJsIjoiaHR0cHM6XC9cL2R1bmtlbGJ1bnQtcHJvZHVjdGlvbnMuZGVcL3dwLWNvbnRlbnRcL3VwbG9hZHNcLzIwMjVcLzA5XC8yMDI1MDkwNV8wOTQ1MTQtMi5qcGciLCJzbGlkZXNob3ciOiJkODJmYjE1In0%3D\">\n\t\t\t\t\t<div class=\"e-gallery-image elementor-gallery-item__image\" data-thumbnail=\"https:\/\/dunkelbunt-productions.de\/wp-content\/uploads\/2025\/09\/20250905_094514-2-225x300.jpg\" data-width=\"225\" data-height=\"300\" aria-label=\"\" role=\"img\" ><\/div>\n\t\t\t\t\t\t\t\t\t\t\t<div class=\"elementor-gallery-item__overlay\"><\/div>\n\t\t\t\t\t\t\t\t\t\t\t\t\t\t<\/a>\n\t\t\t\t\t\t\t<a class=\"e-gallery-item elementor-gallery-item elementor-animated-content\" data-e-gallery-tags=\"1\" href=\"https:\/\/dunkelbunt-productions.de\/wp-content\/uploads\/2025\/09\/20250905_094458-2.jpg\" data-elementor-open-lightbox=\"yes\" data-elementor-lightbox-slideshow=\"d82fb15\" data-elementor-lightbox-title=\"20250905_094458-2\" data-e-action-hash=\"#elementor-action%3Aaction%3Dlightbox%26settings%3DeyJpZCI6MTA0NywidXJsIjoiaHR0cHM6XC9cL2R1bmtlbGJ1bnQtcHJvZHVjdGlvbnMuZGVcL3dwLWNvbnRlbnRcL3VwbG9hZHNcLzIwMjVcLzA5XC8yMDI1MDkwNV8wOTQ0NTgtMi5qcGciLCJzbGlkZXNob3ciOiJkODJmYjE1In0%3D\">\n\t\t\t\t\t<div class=\"e-gallery-image elementor-gallery-item__image\" data-thumbnail=\"https:\/\/dunkelbunt-productions.de\/wp-content\/uploads\/2025\/09\/20250905_094458-2-225x300.jpg\" data-width=\"225\" data-height=\"300\" aria-label=\"\" role=\"img\" ><\/div>\n\t\t\t\t\t\t\t\t\t\t\t<div class=\"elementor-gallery-item__overlay\"><\/div>\n\t\t\t\t\t\t\t\t\t\t\t\t\t\t<\/a>\n\t\t\t\t\t\t\t<a class=\"e-gallery-item elementor-gallery-item elementor-animated-content\" data-e-gallery-tags=\"1\" href=\"https:\/\/dunkelbunt-productions.de\/wp-content\/uploads\/2025\/09\/20250905_094534-2.jpg\" data-elementor-open-lightbox=\"yes\" data-elementor-lightbox-slideshow=\"d82fb15\" data-elementor-lightbox-title=\"20250905_094534-2\" data-e-action-hash=\"#elementor-action%3Aaction%3Dlightbox%26settings%3DeyJpZCI6MTA1MCwidXJsIjoiaHR0cHM6XC9cL2R1bmtlbGJ1bnQtcHJvZHVjdGlvbnMuZGVcL3dwLWNvbnRlbnRcL3VwbG9hZHNcLzIwMjVcLzA5XC8yMDI1MDkwNV8wOTQ1MzQtMi5qcGciLCJzbGlkZXNob3ciOiJkODJmYjE1In0%3D\">\n\t\t\t\t\t<div class=\"e-gallery-image elementor-gallery-item__image\" data-thumbnail=\"https:\/\/dunkelbunt-productions.de\/wp-content\/uploads\/2025\/09\/20250905_094534-2-300x225.jpg\" data-width=\"300\" data-height=\"225\" aria-label=\"\" role=\"img\" ><\/div>\n\t\t\t\t\t\t\t\t\t\t\t<div class=\"elementor-gallery-item__overlay\"><\/div>\n\t\t\t\t\t\t\t\t\t\t\t\t\t\t<\/a>\n\t\t\t\t\t\t\t<a class=\"e-gallery-item elementor-gallery-item elementor-animated-content\" data-e-gallery-tags=\"1\" href=\"https:\/\/dunkelbunt-productions.de\/wp-content\/uploads\/2025\/09\/20250905_094529-2.jpg\" data-elementor-open-lightbox=\"yes\" data-elementor-lightbox-slideshow=\"d82fb15\" data-elementor-lightbox-title=\"20250905_094529-2\" data-e-action-hash=\"#elementor-action%3Aaction%3Dlightbox%26settings%3DeyJpZCI6MTA0OSwidXJsIjoiaHR0cHM6XC9cL2R1bmtlbGJ1bnQtcHJvZHVjdGlvbnMuZGVcL3dwLWNvbnRlbnRcL3VwbG9hZHNcLzIwMjVcLzA5XC8yMDI1MDkwNV8wOTQ1MjktMi5qcGciLCJzbGlkZXNob3ciOiJkODJmYjE1In0%3D\">\n\t\t\t\t\t<div class=\"e-gallery-image elementor-gallery-item__image\" data-thumbnail=\"https:\/\/dunkelbunt-productions.de\/wp-content\/uploads\/2025\/09\/20250905_094529-2-300x225.jpg\" data-width=\"300\" data-height=\"225\" aria-label=\"\" role=\"img\" ><\/div>\n\t\t\t\t\t\t\t\t\t\t\t<div class=\"elementor-gallery-item__overlay\"><\/div>\n\t\t\t\t\t\t\t\t\t\t\t\t\t\t<\/a>\n\t\t\t\t\t\t\t<a class=\"e-gallery-item elementor-gallery-item elementor-animated-content\" data-e-gallery-tags=\"1\" href=\"https:\/\/dunkelbunt-productions.de\/wp-content\/uploads\/2025\/09\/20250905_094434-2.jpg\" data-elementor-open-lightbox=\"yes\" data-elementor-lightbox-slideshow=\"d82fb15\" data-elementor-lightbox-title=\"20250905_094434-2\" data-e-action-hash=\"#elementor-action%3Aaction%3Dlightbox%26settings%3DeyJpZCI6MTA0NiwidXJsIjoiaHR0cHM6XC9cL2R1bmtlbGJ1bnQtcHJvZHVjdGlvbnMuZGVcL3dwLWNvbnRlbnRcL3VwbG9hZHNcLzIwMjVcLzA5XC8yMDI1MDkwNV8wOTQ0MzQtMi5qcGciLCJzbGlkZXNob3ciOiJkODJmYjE1In0%3D\">\n\t\t\t\t\t<div class=\"e-gallery-image elementor-gallery-item__image\" data-thumbnail=\"https:\/\/dunkelbunt-productions.de\/wp-content\/uploads\/2025\/09\/20250905_094434-2-225x300.jpg\" data-width=\"225\" data-height=\"300\" aria-label=\"\" role=\"img\" ><\/div>\n\t\t\t\t\t\t\t\t\t\t\t<div class=\"elementor-gallery-item__overlay\"><\/div>\n\t\t\t\t\t\t\t\t\t\t\t\t\t\t<\/a>\n\t\t\t\t\t\t\t<a class=\"e-gallery-item elementor-gallery-item elementor-animated-content\" data-e-gallery-tags=\"2\" href=\"https:\/\/dunkelbunt-productions.de\/wp-content\/uploads\/2026\/01\/1-3.png\" data-elementor-open-lightbox=\"yes\" data-elementor-lightbox-slideshow=\"d82fb15\" data-elementor-lightbox-title=\"1\" data-e-action-hash=\"#elementor-action%3Aaction%3Dlightbox%26settings%3DeyJpZCI6MTE3MSwidXJsIjoiaHR0cHM6XC9cL2R1bmtlbGJ1bnQtcHJvZHVjdGlvbnMuZGVcL3dwLWNvbnRlbnRcL3VwbG9hZHNcLzIwMjZcLzAxXC8xLTMucG5nIiwic2xpZGVzaG93IjoiZDgyZmIxNSJ9\">\n\t\t\t\t\t<div class=\"e-gallery-image elementor-gallery-item__image\" data-thumbnail=\"https:\/\/dunkelbunt-productions.de\/wp-content\/uploads\/2026\/01\/1-3-300x300.png\" data-width=\"300\" data-height=\"300\" aria-label=\"\" role=\"img\" ><\/div>\n\t\t\t\t\t\t\t\t\t\t\t<div class=\"elementor-gallery-item__overlay\"><\/div>\n\t\t\t\t\t\t\t\t\t\t\t\t\t\t<\/a>\n\t\t\t\t\t<\/div>\n\t\t\t\t\t<\/div>\n\t\t\t\t<\/div>\n\t\t\t\t<\/div>\n\t\t\t\t\t<\/div>\n\t\t\t\t<\/div>\n\t\t<div class=\"elementor-element elementor-element-ec3260f e-flex e-con-boxed e-con e-parent\" data-id=\"ec3260f\" data-element_type=\"container\" data-e-type=\"container\">\n\t\t\t\t\t<div class=\"e-con-inner\">\n\t\t<div class=\"elementor-element elementor-element-7d1056b e-con-full e-flex e-con e-child\" data-id=\"7d1056b\" data-element_type=\"container\" data-e-type=\"container\">\n\t\t\t\t<div class=\"elementor-element elementor-element-c063f2b elementor-widget elementor-widget-image\" data-id=\"c063f2b\" data-element_type=\"widget\" data-e-type=\"widget\" data-widget_type=\"image.default\">\n\t\t\t\t<div class=\"elementor-widget-container\">\n\t\t\t\t\t\t\t\t\t\t\t\t\t\t\t<img decoding=\"async\" width=\"500\" height=\"500\" src=\"https:\/\/dunkelbunt-productions.de\/wp-content\/uploads\/2026\/01\/3-3.png\" class=\"attachment-large size-large wp-image-1252\" alt=\"\" srcset=\"https:\/\/dunkelbunt-productions.de\/wp-content\/uploads\/2026\/01\/3-3.png 500w, https:\/\/dunkelbunt-productions.de\/wp-content\/uploads\/2026\/01\/3-3-300x300.png 300w, https:\/\/dunkelbunt-productions.de\/wp-content\/uploads\/2026\/01\/3-3-150x150.png 150w, https:\/\/dunkelbunt-productions.de\/wp-content\/uploads\/2026\/01\/3-3-75x75.png 75w\" sizes=\"(max-width: 500px) 100vw, 500px\" \/>\t\t\t\t\t\t\t\t\t\t\t\t\t\t\t<\/div>\n\t\t\t\t<\/div>\n\t\t\t\t<\/div>\n\t\t<div class=\"elementor-element elementor-element-5465bb8 e-con-full e-flex e-con e-child\" data-id=\"5465bb8\" data-element_type=\"container\" data-e-type=\"container\">\n\t\t\t\t<div class=\"elementor-element elementor-element-e979f2e elementor-widget elementor-widget-gallery\" data-id=\"e979f2e\" data-element_type=\"widget\" data-e-type=\"widget\" data-settings=\"{&quot;lazyload&quot;:&quot;yes&quot;,&quot;gallery_layout&quot;:&quot;grid&quot;,&quot;columns&quot;:4,&quot;columns_tablet&quot;:2,&quot;columns_mobile&quot;:1,&quot;gap&quot;:{&quot;unit&quot;:&quot;px&quot;,&quot;size&quot;:10,&quot;sizes&quot;:[]},&quot;gap_tablet&quot;:{&quot;unit&quot;:&quot;px&quot;,&quot;size&quot;:10,&quot;sizes&quot;:[]},&quot;gap_mobile&quot;:{&quot;unit&quot;:&quot;px&quot;,&quot;size&quot;:10,&quot;sizes&quot;:[]},&quot;link_to&quot;:&quot;file&quot;,&quot;aspect_ratio&quot;:&quot;3:2&quot;,&quot;overlay_background&quot;:&quot;yes&quot;,&quot;content_hover_animation&quot;:&quot;fade-in&quot;}\" data-widget_type=\"gallery.default\">\n\t\t\t\t<div class=\"elementor-widget-container\">\n\t\t\t\t\t\t\t<div class=\"elementor-gallery__container\">\n\t\t\t\t\t\t\t<a class=\"e-gallery-item elementor-gallery-item elementor-animated-content\" href=\"https:\/\/dunkelbunt-productions.de\/wp-content\/uploads\/2026\/01\/1-3.png\" data-elementor-open-lightbox=\"yes\" data-elementor-lightbox-slideshow=\"e979f2e\" data-elementor-lightbox-title=\"1\" data-e-action-hash=\"#elementor-action%3Aaction%3Dlightbox%26settings%3DeyJpZCI6MTE3MSwidXJsIjoiaHR0cHM6XC9cL2R1bmtlbGJ1bnQtcHJvZHVjdGlvbnMuZGVcL3dwLWNvbnRlbnRcL3VwbG9hZHNcLzIwMjZcLzAxXC8xLTMucG5nIiwic2xpZGVzaG93IjoiZTk3OWYyZSJ9\">\n\t\t\t\t\t<div class=\"e-gallery-image elementor-gallery-item__image\" data-thumbnail=\"https:\/\/dunkelbunt-productions.de\/wp-content\/uploads\/2026\/01\/1-3-300x300.png\" data-width=\"300\" data-height=\"300\" aria-label=\"\" role=\"img\" ><\/div>\n\t\t\t\t\t\t\t\t\t\t\t<div class=\"elementor-gallery-item__overlay\"><\/div>\n\t\t\t\t\t\t\t\t\t\t\t\t\t\t<\/a>\n\t\t\t\t\t<\/div>\n\t\t\t\t\t<\/div>\n\t\t\t\t<\/div>\n\t\t\t\t<\/div>\n\t\t\t\t\t<\/div>\n\t\t\t\t<\/div>\n\t\t\t\t<\/div>\n\t\t","protected":false},"excerpt":{"rendered":"<p>In meinem Heimstudio stehen dir ganzj\u00e4hrig 3 feste Themensets f\u00fcr dein Fotoshooting zur Verf\u00fcgung: Gothic ThroneDark BaroqueJapanischer Raum\u00a0 Selbstverst\u00e4ndlich biete ich dir ebenfalls einen Greenscreen und ein Hintergrundsystem mit dunklem, hellen und einem farbigen Hintergrund an. Zudem baue ich Aktionssets, die jedoch nur zeitlich begrenzt zur Verf\u00fcgung stehen.\u00a0 Das Studio kann f\u00fcr Shootings aller Art genutzt werden (Portrait, Dark Art &amp; Fantasy, Cosplay &amp; Gewandung). Eine Schminkecke und Kleiderst\u00e4nder sind ebenso verf\u00fcgbar wie eine gem\u00fctliche Sitzecke mit Snacks, Tee und Wasser.\u00a0 \u00a0 Dark Throne Baroque Japanischer Raum<\/p>\n","protected":false},"author":1,"featured_media":0,"parent":0,"menu_order":0,"comment_status":"closed","ping_status":"closed","template":"","meta":{"footnotes":""},"class_list":["post-904","page","type-page","status-publish","hentry"],"_links":{"self":[{"href":"https:\/\/dunkelbunt-productions.de\/index.php?rest_route=\/wp\/v2\/pages\/904","targetHints":{"allow":["GET"]}}],"collection":[{"href":"https:\/\/dunkelbunt-productions.de\/index.php?rest_route=\/wp\/v2\/pages"}],"about":[{"href":"https:\/\/dunkelbunt-productions.de\/index.php?rest_route=\/wp\/v2\/types\/page"}],"author":[{"embeddable":true,"href":"https:\/\/dunkelbunt-productions.de\/index.php?rest_route=\/wp\/v2\/users\/1"}],"replies":[{"embeddable":true,"href":"https:\/\/dunkelbunt-productions.de\/index.php?rest_route=%2Fwp%2Fv2%2Fcomments&post=904"}],"version-history":[{"count":21,"href":"https:\/\/dunkelbunt-productions.de\/index.php?rest_route=\/wp\/v2\/pages\/904\/revisions"}],"predecessor-version":[{"id":1256,"href":"https:\/\/dunkelbunt-productions.de\/index.php?rest_route=\/wp\/v2\/pages\/904\/revisions\/1256"}],"wp:attachment":[{"href":"https:\/\/dunkelbunt-productions.de\/index.php?rest_route=%2Fwp%2Fv2%2Fmedia&parent=904"}],"curies":[{"name":"wp","href":"https:\/\/api.w.org\/{rel}","templated":true}]}}