{"id":598,"date":"2024-07-13T12:22:15","date_gmt":"2024-07-13T12:22:15","guid":{"rendered":"https:\/\/dunkelbunt-productions.de\/?page_id=598"},"modified":"2026-03-12T18:33:02","modified_gmt":"2026-03-12T18:33:02","slug":"theater-show","status":"publish","type":"page","link":"https:\/\/dunkelbunt-productions.de\/?page_id=598","title":{"rendered":"Fotografie Theater"},"content":{"rendered":"\t\t<div data-elementor-type=\"wp-page\" data-elementor-id=\"598\" class=\"elementor elementor-598\" data-elementor-post-type=\"page\">\n\t\t\t\t<div class=\"elementor-element elementor-element-f234834 e-flex e-con-boxed e-con e-parent\" data-id=\"f234834\" data-element_type=\"container\" data-e-type=\"container\">\n\t\t\t\t\t<div class=\"e-con-inner\">\n\t\t<div class=\"elementor-element elementor-element-4ece1adc e-con-full e-flex e-con e-child\" data-id=\"4ece1adc\" data-element_type=\"container\" data-e-type=\"container\">\n\t\t\t\t<div class=\"elementor-element elementor-element-44f49869 elementor-widget elementor-widget-image\" data-id=\"44f49869\" data-element_type=\"widget\" data-e-type=\"widget\" data-widget_type=\"image.default\">\n\t\t\t\t<div class=\"elementor-widget-container\">\n\t\t\t\t\t\t\t\t\t\t\t\t\t\t\t<img fetchpriority=\"high\" decoding=\"async\" width=\"500\" height=\"500\" src=\"https:\/\/dunkelbunt-productions.de\/wp-content\/uploads\/2026\/01\/3-2.png\" class=\"attachment-large size-large wp-image-1165\" alt=\"\" srcset=\"https:\/\/dunkelbunt-productions.de\/wp-content\/uploads\/2026\/01\/3-2.png 500w, https:\/\/dunkelbunt-productions.de\/wp-content\/uploads\/2026\/01\/3-2-300x300.png 300w, https:\/\/dunkelbunt-productions.de\/wp-content\/uploads\/2026\/01\/3-2-150x150.png 150w, https:\/\/dunkelbunt-productions.de\/wp-content\/uploads\/2026\/01\/3-2-75x75.png 75w\" sizes=\"(max-width: 500px) 100vw, 500px\" \/>\t\t\t\t\t\t\t\t\t\t\t\t\t\t\t<\/div>\n\t\t\t\t<\/div>\n\t\t\t\t<\/div>\n\t\t<div class=\"elementor-element elementor-element-7950a0d7 e-con-full e-flex e-con e-child\" data-id=\"7950a0d7\" data-element_type=\"container\" data-e-type=\"container\">\n\t\t\t\t<div class=\"elementor-element elementor-element-7f5cd524 elementor-widget elementor-widget-text-editor\" data-id=\"7f5cd524\" data-element_type=\"widget\" data-e-type=\"widget\" data-widget_type=\"text-editor.default\">\n\t\t\t\t<div class=\"elementor-widget-container\">\n\t\t\t\t\t\t\t\t\t<p>Detailgetreue Arbeit war mir stets sehr wichtig &#8211; auch w\u00e4hrend meiner Zeit im Bereich der Theaterproduktion.\u00a0<br \/>Daher ist es mir ein gro\u00dfes Anliegen eure Arbeit und euren immensen Aufwand im Show- und Theaterbereich mit den entsprechenden Fotos zu w\u00fcrdigen.<\/p><p>Ob eine Show festgehalten wird, Szenen gestellt werden oder eure Cast abgelichtet wird &#8211; eure W\u00fcnsche haben oberste Priorit\u00e4t und sind bei mir in guten H\u00e4nden, die selbst Theatererfahrung mitbringen.\u00a0<\/p><p>Und wenn ihr euch nicht entscheiden m\u00f6chtet, k\u00f6nnt ihr selbstverst\u00e4ndlich auch das Komplettpaket nehmen oder mehrere Elemente zusammenschn\u00fcren. Lasst uns gern gemeinsam euren Bedarf ermitteln und ein individuelles Angebot erstellen.\u00a0<\/p>\t\t\t\t\t\t\t\t<\/div>\n\t\t\t\t<\/div>\n\t\t\t\t<\/div>\n\t\t\t\t\t<\/div>\n\t\t\t\t<\/div>\n\t\t<div class=\"elementor-element elementor-element-304b295b e-flex e-con-boxed e-con e-parent\" data-id=\"304b295b\" data-element_type=\"container\" data-e-type=\"container\">\n\t\t\t\t\t<div class=\"e-con-inner\">\n\t\t\t\t<div class=\"elementor-element elementor-element-19fc60e6 elementor-headline--style-highlight elementor-widget elementor-widget-animated-headline\" data-id=\"19fc60e6\" data-element_type=\"widget\" data-e-type=\"widget\" data-settings=\"{&quot;marker&quot;:&quot;underline&quot;,&quot;highlighted_text&quot;:&quot;Shootingangebote&quot;,&quot;headline_style&quot;:&quot;highlight&quot;,&quot;loop&quot;:&quot;yes&quot;,&quot;highlight_animation_duration&quot;:1200,&quot;highlight_iteration_delay&quot;:8000}\" data-widget_type=\"animated-headline.default\">\n\t\t\t\t<div class=\"elementor-widget-container\">\n\t\t\t\t\t\t\t<h3 class=\"elementor-headline\">\n\t\t\t\t\t<span class=\"elementor-headline-plain-text elementor-headline-text-wrapper\">Aktuelle<\/span>\n\t\t\t\t<span class=\"elementor-headline-dynamic-wrapper elementor-headline-text-wrapper\">\n\t\t\t\t\t<span class=\"elementor-headline-dynamic-text elementor-headline-text-active\">Shootingangebote<\/span>\n\t\t\t\t<\/span>\n\t\t\t\t<\/h3>\n\t\t\t\t\t\t<\/div>\n\t\t\t\t<\/div>\n\t\t\t\t\t<\/div>\n\t\t\t\t<\/div>\n\t\t<div class=\"elementor-element elementor-element-c959c9e e-flex e-con-boxed e-con e-parent\" data-id=\"c959c9e\" data-element_type=\"container\" data-e-type=\"container\">\n\t\t\t\t\t<div class=\"e-con-inner\">\n\t\t<div class=\"elementor-element elementor-element-37390b3 e-con-full e-flex e-con e-child\" data-id=\"37390b3\" data-element_type=\"container\" data-e-type=\"container\">\n\t\t\t\t<div class=\"elementor-element elementor-element-64048107 elementor-widget elementor-widget-image\" data-id=\"64048107\" data-element_type=\"widget\" data-e-type=\"widget\" data-widget_type=\"image.default\">\n\t\t\t\t<div class=\"elementor-widget-container\">\n\t\t\t\t\t\t\t\t\t\t\t\t\t\t\t<img decoding=\"async\" width=\"699\" height=\"1024\" src=\"https:\/\/dunkelbunt-productions.de\/wp-content\/uploads\/2024\/03\/Screenshot_20221223_205122_Chrome-699x1024.jpg\" class=\"attachment-large size-large wp-image-73\" alt=\"\" srcset=\"https:\/\/dunkelbunt-productions.de\/wp-content\/uploads\/2024\/03\/Screenshot_20221223_205122_Chrome-699x1024.jpg 699w, https:\/\/dunkelbunt-productions.de\/wp-content\/uploads\/2024\/03\/Screenshot_20221223_205122_Chrome-205x300.jpg 205w, https:\/\/dunkelbunt-productions.de\/wp-content\/uploads\/2024\/03\/Screenshot_20221223_205122_Chrome-768x1125.jpg 768w, https:\/\/dunkelbunt-productions.de\/wp-content\/uploads\/2024\/03\/Screenshot_20221223_205122_Chrome-1049x1536.jpg 1049w, https:\/\/dunkelbunt-productions.de\/wp-content\/uploads\/2024\/03\/Screenshot_20221223_205122_Chrome.jpg 1080w\" sizes=\"(max-width: 699px) 100vw, 699px\" \/>\t\t\t\t\t\t\t\t\t\t\t\t\t\t\t<\/div>\n\t\t\t\t<\/div>\n\t\t\t\t<div class=\"elementor-element elementor-element-17ad4f4c elementor-headline--style-rotate elementor-widget elementor-widget-animated-headline\" data-id=\"17ad4f4c\" data-element_type=\"widget\" data-e-type=\"widget\" data-settings=\"{&quot;headline_style&quot;:&quot;rotate&quot;,&quot;animation_type&quot;:&quot;typing&quot;,&quot;loop&quot;:&quot;yes&quot;,&quot;rotate_iteration_delay&quot;:2500}\" data-widget_type=\"animated-headline.default\">\n\t\t\t\t<div class=\"elementor-widget-container\">\n\t\t\t\t\t\t\t<h3 class=\"elementor-headline elementor-headline-animation-type-typing elementor-headline-letters\">\n\t\t\t\t\t<span class=\"elementor-headline-plain-text elementor-headline-text-wrapper\">Show Fotos<\/span>\n\t\t\t\t<span class=\"elementor-headline-dynamic-wrapper elementor-headline-text-wrapper\">\n\t\t\t\t<\/span>\n\t\t\t\t<\/h3>\n\t\t\t\t\t\t<\/div>\n\t\t\t\t<\/div>\n\t\t\t\t<div class=\"elementor-element elementor-element-6dded0d elementor-widget elementor-widget-text-editor\" data-id=\"6dded0d\" data-element_type=\"widget\" data-e-type=\"widget\" data-widget_type=\"text-editor.default\">\n\t\t\t\t<div class=\"elementor-widget-container\">\n\t\t\t\t\t\t\t\t\t<p>Ich begleite eure Show oder euer St\u00fcck (Generalprobe oder Presseshow) und fange die Emotionen der Szenen, die imposanten Bilder und die bewegenden Momente ein.<br \/>Die Fotos bekommt ihr in Hochaufl\u00f6send (Bildband, Programmheft) und im Webformat (Social Media Werbung)\u00a0<\/p>\t\t\t\t\t\t\t\t<\/div>\n\t\t\t\t<\/div>\n\t\t\t\t<div class=\"elementor-element elementor-element-65459047 elementor-align-center elementor-widget elementor-widget-button\" data-id=\"65459047\" data-element_type=\"widget\" data-e-type=\"widget\" data-widget_type=\"button.default\">\n\t\t\t\t<div class=\"elementor-widget-container\">\n\t\t\t\t\t\t\t\t\t<div class=\"elementor-button-wrapper\">\n\t\t\t\t\t<a class=\"elementor-button elementor-button-link elementor-size-sm\" href=\"#\">\n\t\t\t\t\t\t<span class=\"elementor-button-content-wrapper\">\n\t\t\t\t\t\t\t\t\t<span class=\"elementor-button-text\">Weitere Infos bald<\/span>\n\t\t\t\t\t<\/span>\n\t\t\t\t\t<\/a>\n\t\t\t\t<\/div>\n\t\t\t\t\t\t\t\t<\/div>\n\t\t\t\t<\/div>\n\t\t\t\t<\/div>\n\t\t<div class=\"elementor-element elementor-element-bd76fb2 e-con-full e-flex e-con e-child\" data-id=\"bd76fb2\" data-element_type=\"container\" data-e-type=\"container\">\n\t\t\t\t<div class=\"elementor-element elementor-element-feb4ffb elementor-widget elementor-widget-image\" data-id=\"feb4ffb\" data-element_type=\"widget\" data-e-type=\"widget\" data-widget_type=\"image.default\">\n\t\t\t\t<div class=\"elementor-widget-container\">\n\t\t\t\t\t\t\t\t\t\t\t\t\t\t\t<img decoding=\"async\" width=\"500\" height=\"500\" src=\"https:\/\/dunkelbunt-productions.de\/wp-content\/uploads\/2026\/01\/1-3.png\" class=\"attachment-large size-large wp-image-1171\" alt=\"\" srcset=\"https:\/\/dunkelbunt-productions.de\/wp-content\/uploads\/2026\/01\/1-3.png 500w, https:\/\/dunkelbunt-productions.de\/wp-content\/uploads\/2026\/01\/1-3-300x300.png 300w, https:\/\/dunkelbunt-productions.de\/wp-content\/uploads\/2026\/01\/1-3-150x150.png 150w, https:\/\/dunkelbunt-productions.de\/wp-content\/uploads\/2026\/01\/1-3-75x75.png 75w\" sizes=\"(max-width: 500px) 100vw, 500px\" \/>\t\t\t\t\t\t\t\t\t\t\t\t\t\t\t<\/div>\n\t\t\t\t<\/div>\n\t\t\t\t<div class=\"elementor-element elementor-element-aa4b63d elementor-headline--style-rotate elementor-widget elementor-widget-animated-headline\" data-id=\"aa4b63d\" data-element_type=\"widget\" data-e-type=\"widget\" data-settings=\"{&quot;headline_style&quot;:&quot;rotate&quot;,&quot;animation_type&quot;:&quot;typing&quot;,&quot;loop&quot;:&quot;yes&quot;,&quot;rotate_iteration_delay&quot;:2500}\" data-widget_type=\"animated-headline.default\">\n\t\t\t\t<div class=\"elementor-widget-container\">\n\t\t\t\t\t\t\t<h3 class=\"elementor-headline elementor-headline-animation-type-typing elementor-headline-letters\">\n\t\t\t\t\t<span class=\"elementor-headline-plain-text elementor-headline-text-wrapper\">The Rehearsal<\/span>\n\t\t\t\t<span class=\"elementor-headline-dynamic-wrapper elementor-headline-text-wrapper\">\n\t\t\t\t<\/span>\n\t\t\t\t<\/h3>\n\t\t\t\t\t\t<\/div>\n\t\t\t\t<\/div>\n\t\t\t\t<div class=\"elementor-element elementor-element-2cc7a4f elementor-widget elementor-widget-text-editor\" data-id=\"2cc7a4f\" data-element_type=\"widget\" data-e-type=\"widget\" data-widget_type=\"text-editor.default\">\n\t\t\t\t<div class=\"elementor-widget-container\">\n\t\t\t\t\t\t\t\t\t<p>Ich begleite euch w\u00e4hrend eines Probentages und halte die einzelnen Stationen fest.<\/p><p>Von Kost\u00fcmprobe, Maske \u00fcber die Gestaltung der Szenen bis hin zur Choreoprobe &#8211; alles auf eure Bed\u00fcrfnisse zugeschnitten und eine sch\u00f6ne Erinnerung an die Spiel- und Probenzeit.\u00a0<\/p>\t\t\t\t\t\t\t\t<\/div>\n\t\t\t\t<\/div>\n\t\t\t\t<div class=\"elementor-element elementor-element-11d3ff2 elementor-align-center elementor-widget elementor-widget-button\" data-id=\"11d3ff2\" data-element_type=\"widget\" data-e-type=\"widget\" data-widget_type=\"button.default\">\n\t\t\t\t<div class=\"elementor-widget-container\">\n\t\t\t\t\t\t\t\t\t<div class=\"elementor-button-wrapper\">\n\t\t\t\t\t<a class=\"elementor-button elementor-button-link elementor-size-sm\" href=\"#\">\n\t\t\t\t\t\t<span class=\"elementor-button-content-wrapper\">\n\t\t\t\t\t\t\t\t\t<span class=\"elementor-button-text\">Weitere Infos bald<\/span>\n\t\t\t\t\t<\/span>\n\t\t\t\t\t<\/a>\n\t\t\t\t<\/div>\n\t\t\t\t\t\t\t\t<\/div>\n\t\t\t\t<\/div>\n\t\t\t\t<\/div>\n\t\t<div class=\"elementor-element elementor-element-fe574c0 e-con-full e-flex e-con e-child\" data-id=\"fe574c0\" data-element_type=\"container\" data-e-type=\"container\">\n\t\t\t\t<div class=\"elementor-element elementor-element-4db5a701 elementor-widget elementor-widget-image\" data-id=\"4db5a701\" data-element_type=\"widget\" data-e-type=\"widget\" data-widget_type=\"image.default\">\n\t\t\t\t<div class=\"elementor-widget-container\">\n\t\t\t\t\t\t\t\t\t\t\t\t\t\t\t<img decoding=\"async\" width=\"500\" height=\"500\" src=\"https:\/\/dunkelbunt-productions.de\/wp-content\/uploads\/2026\/01\/1-3.png\" class=\"attachment-large size-large wp-image-1171\" alt=\"\" srcset=\"https:\/\/dunkelbunt-productions.de\/wp-content\/uploads\/2026\/01\/1-3.png 500w, https:\/\/dunkelbunt-productions.de\/wp-content\/uploads\/2026\/01\/1-3-300x300.png 300w, https:\/\/dunkelbunt-productions.de\/wp-content\/uploads\/2026\/01\/1-3-150x150.png 150w, https:\/\/dunkelbunt-productions.de\/wp-content\/uploads\/2026\/01\/1-3-75x75.png 75w\" sizes=\"(max-width: 500px) 100vw, 500px\" \/>\t\t\t\t\t\t\t\t\t\t\t\t\t\t\t<\/div>\n\t\t\t\t<\/div>\n\t\t\t\t<div class=\"elementor-element elementor-element-7bd3f305 elementor-headline--style-rotate elementor-widget elementor-widget-animated-headline\" data-id=\"7bd3f305\" data-element_type=\"widget\" data-e-type=\"widget\" data-settings=\"{&quot;headline_style&quot;:&quot;rotate&quot;,&quot;animation_type&quot;:&quot;typing&quot;,&quot;loop&quot;:&quot;yes&quot;,&quot;rotate_iteration_delay&quot;:2500}\" data-widget_type=\"animated-headline.default\">\n\t\t\t\t<div class=\"elementor-widget-container\">\n\t\t\t\t\t\t\t<h3 class=\"elementor-headline elementor-headline-animation-type-typing elementor-headline-letters\">\n\t\t\t\t\t<span class=\"elementor-headline-plain-text elementor-headline-text-wrapper\">Mug Shot<\/span>\n\t\t\t\t<span class=\"elementor-headline-dynamic-wrapper elementor-headline-text-wrapper\">\n\t\t\t\t<\/span>\n\t\t\t\t<\/h3>\n\t\t\t\t\t\t<\/div>\n\t\t\t\t<\/div>\n\t\t\t\t<div class=\"elementor-element elementor-element-43164d1 elementor-widget elementor-widget-text-editor\" data-id=\"43164d1\" data-element_type=\"widget\" data-e-type=\"widget\" data-widget_type=\"text-editor.default\">\n\t\t\t\t<div class=\"elementor-widget-container\">\n\t\t\t\t\t\t\t\t\t<p>Gerne fertige ich Portraits der gesamten Cast &amp; Crew an.\u00a0<\/p><p>Einheitliche Fotos geben den Programmheften einen hochwertigeren Look.<\/p><p>Mit dem mobilen Studiosetting komme ich zu euch und fertige die Portraits an.\u00a0<\/p>\t\t\t\t\t\t\t\t<\/div>\n\t\t\t\t<\/div>\n\t\t\t\t<div class=\"elementor-element elementor-element-1e8594bc elementor-align-center elementor-widget elementor-widget-button\" data-id=\"1e8594bc\" data-element_type=\"widget\" data-e-type=\"widget\" data-widget_type=\"button.default\">\n\t\t\t\t<div class=\"elementor-widget-container\">\n\t\t\t\t\t\t\t\t\t<div class=\"elementor-button-wrapper\">\n\t\t\t\t\t<a class=\"elementor-button elementor-button-link elementor-size-sm\" href=\"#\">\n\t\t\t\t\t\t<span class=\"elementor-button-content-wrapper\">\n\t\t\t\t\t\t\t\t\t<span class=\"elementor-button-text\">Weitere Infos bald<\/span>\n\t\t\t\t\t<\/span>\n\t\t\t\t\t<\/a>\n\t\t\t\t<\/div>\n\t\t\t\t\t\t\t\t<\/div>\n\t\t\t\t<\/div>\n\t\t\t\t<\/div>\n\t\t<div class=\"elementor-element elementor-element-8561329 e-con-full e-flex e-con e-child\" data-id=\"8561329\" data-element_type=\"container\" data-e-type=\"container\">\n\t\t\t\t<div class=\"elementor-element elementor-element-5b8b18e elementor-widget elementor-widget-image\" data-id=\"5b8b18e\" data-element_type=\"widget\" data-e-type=\"widget\" data-widget_type=\"image.default\">\n\t\t\t\t<div class=\"elementor-widget-container\">\n\t\t\t\t\t\t\t\t\t\t\t\t\t\t\t<img loading=\"lazy\" decoding=\"async\" width=\"683\" height=\"1024\" src=\"https:\/\/dunkelbunt-productions.de\/wp-content\/uploads\/2024\/03\/2022_10_SoA_Emily_01_web.jpg\" class=\"attachment-large size-large wp-image-74\" alt=\"\" srcset=\"https:\/\/dunkelbunt-productions.de\/wp-content\/uploads\/2024\/03\/2022_10_SoA_Emily_01_web.jpg 683w, https:\/\/dunkelbunt-productions.de\/wp-content\/uploads\/2024\/03\/2022_10_SoA_Emily_01_web-200x300.jpg 200w\" sizes=\"(max-width: 683px) 100vw, 683px\" \/>\t\t\t\t\t\t\t\t\t\t\t\t\t\t\t<\/div>\n\t\t\t\t<\/div>\n\t\t\t\t<div class=\"elementor-element elementor-element-eee8fef elementor-headline--style-rotate elementor-widget elementor-widget-animated-headline\" data-id=\"eee8fef\" data-element_type=\"widget\" data-e-type=\"widget\" data-settings=\"{&quot;headline_style&quot;:&quot;rotate&quot;,&quot;animation_type&quot;:&quot;typing&quot;,&quot;loop&quot;:&quot;yes&quot;,&quot;rotate_iteration_delay&quot;:2500}\" data-widget_type=\"animated-headline.default\">\n\t\t\t\t<div class=\"elementor-widget-container\">\n\t\t\t\t\t\t\t<h3 class=\"elementor-headline elementor-headline-animation-type-typing elementor-headline-letters\">\n\t\t\t\t\t<span class=\"elementor-headline-plain-text elementor-headline-text-wrapper\">Role Portrait<\/span>\n\t\t\t\t<span class=\"elementor-headline-dynamic-wrapper elementor-headline-text-wrapper\">\n\t\t\t\t<\/span>\n\t\t\t\t<\/h3>\n\t\t\t\t\t\t<\/div>\n\t\t\t\t<\/div>\n\t\t\t\t<div class=\"elementor-element elementor-element-22f87b5 elementor-widget elementor-widget-text-editor\" data-id=\"22f87b5\" data-element_type=\"widget\" data-e-type=\"widget\" data-widget_type=\"text-editor.default\">\n\t\t\t\t<div class=\"elementor-widget-container\">\n\t\t\t\t\t\t\t\t\t<p>Ihr m\u00f6chtet euren Charakter in einer inszinierten Fotografie ablichten?<\/p><p>Dann seid ihr hier richtig.<\/p><p>Eure Rolle wird in eurem Kost\u00fcm und Maske, sowie Requisiten, festgehalten.<br \/>Entweder in der Kulisse oder vor einem neutralen Hintergrund.<\/p><p>Sowohl als Solomotive oder Gruppenszene umsetzbar.<\/p>\t\t\t\t\t\t\t\t<\/div>\n\t\t\t\t<\/div>\n\t\t\t\t<div class=\"elementor-element elementor-element-3a4a1e9 elementor-align-center elementor-widget elementor-widget-button\" data-id=\"3a4a1e9\" data-element_type=\"widget\" data-e-type=\"widget\" data-widget_type=\"button.default\">\n\t\t\t\t<div class=\"elementor-widget-container\">\n\t\t\t\t\t\t\t\t\t<div class=\"elementor-button-wrapper\">\n\t\t\t\t\t<a class=\"elementor-button elementor-button-link elementor-size-sm\" href=\"#\">\n\t\t\t\t\t\t<span class=\"elementor-button-content-wrapper\">\n\t\t\t\t\t\t\t\t\t<span class=\"elementor-button-text\">Weitere Infos bald<\/span>\n\t\t\t\t\t<\/span>\n\t\t\t\t\t<\/a>\n\t\t\t\t<\/div>\n\t\t\t\t\t\t\t\t<\/div>\n\t\t\t\t<\/div>\n\t\t\t\t<\/div>\n\t\t<div class=\"elementor-element elementor-element-2501a1b e-con-full e-flex e-con e-child\" data-id=\"2501a1b\" data-element_type=\"container\" data-e-type=\"container\">\n\t\t\t\t<div class=\"elementor-element elementor-element-2c14d09 elementor-widget elementor-widget-image\" data-id=\"2c14d09\" data-element_type=\"widget\" data-e-type=\"widget\" data-widget_type=\"image.default\">\n\t\t\t\t<div class=\"elementor-widget-container\">\n\t\t\t\t\t\t\t\t\t\t\t\t\t\t\t<img loading=\"lazy\" decoding=\"async\" width=\"683\" height=\"1024\" src=\"https:\/\/dunkelbunt-productions.de\/wp-content\/uploads\/2024\/07\/DSC00619-683x1024.png\" class=\"attachment-large size-large wp-image-643\" alt=\"\" srcset=\"https:\/\/dunkelbunt-productions.de\/wp-content\/uploads\/2024\/07\/DSC00619-683x1024.png 683w, https:\/\/dunkelbunt-productions.de\/wp-content\/uploads\/2024\/07\/DSC00619-200x300.png 200w, https:\/\/dunkelbunt-productions.de\/wp-content\/uploads\/2024\/07\/DSC00619-768x1152.png 768w, https:\/\/dunkelbunt-productions.de\/wp-content\/uploads\/2024\/07\/DSC00619-1024x1536.png 1024w, https:\/\/dunkelbunt-productions.de\/wp-content\/uploads\/2024\/07\/DSC00619-1365x2048.png 1365w, https:\/\/dunkelbunt-productions.de\/wp-content\/uploads\/2024\/07\/DSC00619-1140x1710.png 1140w\" sizes=\"(max-width: 683px) 100vw, 683px\" \/>\t\t\t\t\t\t\t\t\t\t\t\t\t\t\t<\/div>\n\t\t\t\t<\/div>\n\t\t\t\t<div class=\"elementor-element elementor-element-8e39a30 elementor-headline--style-rotate elementor-widget elementor-widget-animated-headline\" data-id=\"8e39a30\" data-element_type=\"widget\" data-e-type=\"widget\" data-settings=\"{&quot;headline_style&quot;:&quot;rotate&quot;,&quot;animation_type&quot;:&quot;typing&quot;,&quot;loop&quot;:&quot;yes&quot;,&quot;rotate_iteration_delay&quot;:2500}\" data-widget_type=\"animated-headline.default\">\n\t\t\t\t<div class=\"elementor-widget-container\">\n\t\t\t\t\t\t\t<h3 class=\"elementor-headline elementor-headline-animation-type-typing elementor-headline-letters\">\n\t\t\t\t\t<span class=\"elementor-headline-plain-text elementor-headline-text-wrapper\">Artist Portrait<\/span>\n\t\t\t\t<span class=\"elementor-headline-dynamic-wrapper elementor-headline-text-wrapper\">\n\t\t\t\t<\/span>\n\t\t\t\t<\/h3>\n\t\t\t\t\t\t<\/div>\n\t\t\t\t<\/div>\n\t\t\t\t<div class=\"elementor-element elementor-element-8f59205 elementor-widget elementor-widget-text-editor\" data-id=\"8f59205\" data-element_type=\"widget\" data-e-type=\"widget\" data-widget_type=\"text-editor.default\">\n\t\t\t\t<div class=\"elementor-widget-container\">\n\t\t\t\t\t\t\t\t\t<p>Der erste Eindruck z\u00e4hlt &#8211; und f\u00fcr ihn gibt es keine zweite Chance.<\/p><p>Oftmals entscheidet neben eurer Vita auch der optische Eindruck, ob ihr zur Rolle passt.\u00a0<\/p><p>Neue Portraitaufnahmen k\u00f6nnen outdoor, on location oder im Studio entstehen.\u00a0<\/p>\t\t\t\t\t\t\t\t<\/div>\n\t\t\t\t<\/div>\n\t\t\t\t<div class=\"elementor-element elementor-element-2d7a425 elementor-align-center elementor-widget elementor-widget-button\" data-id=\"2d7a425\" data-element_type=\"widget\" data-e-type=\"widget\" data-widget_type=\"button.default\">\n\t\t\t\t<div class=\"elementor-widget-container\">\n\t\t\t\t\t\t\t\t\t<div class=\"elementor-button-wrapper\">\n\t\t\t\t\t<a class=\"elementor-button elementor-button-link elementor-size-sm\" href=\"#\">\n\t\t\t\t\t\t<span class=\"elementor-button-content-wrapper\">\n\t\t\t\t\t\t\t\t\t<span class=\"elementor-button-text\">Weitere Infos bald<\/span>\n\t\t\t\t\t<\/span>\n\t\t\t\t\t<\/a>\n\t\t\t\t<\/div>\n\t\t\t\t\t\t\t\t<\/div>\n\t\t\t\t<\/div>\n\t\t\t\t<\/div>\n\t\t<div class=\"elementor-element elementor-element-e2f40d3 e-con-full e-flex e-con e-child\" data-id=\"e2f40d3\" data-element_type=\"container\" data-e-type=\"container\">\n\t\t\t\t<\/div>\n\t\t\t\t\t<\/div>\n\t\t\t\t<\/div>\n\t\t\t\t<\/div>\n\t\t","protected":false},"excerpt":{"rendered":"<p>Detailgetreue Arbeit war mir stets sehr wichtig &#8211; auch w\u00e4hrend meiner Zeit im Bereich der Theaterproduktion.\u00a0Daher ist es mir ein gro\u00dfes Anliegen eure Arbeit und euren immensen Aufwand im Show- und Theaterbereich mit den entsprechenden Fotos zu w\u00fcrdigen. Ob eine Show festgehalten wird, Szenen gestellt werden oder eure Cast abgelichtet wird &#8211; eure W\u00fcnsche haben oberste Priorit\u00e4t und sind bei mir in guten H\u00e4nden, die selbst Theatererfahrung mitbringen.\u00a0 Und wenn ihr euch nicht entscheiden m\u00f6chtet, k\u00f6nnt ihr selbstverst\u00e4ndlich auch das Komplettpaket nehmen oder mehrere Elemente zusammenschn\u00fcren. Lasst uns gern gemeinsam euren Bedarf ermitteln und ein individuelles Angebot erstellen.\u00a0 Aktuelle Shootingangebote Show Fotos Ich begleite eure Show oder euer St\u00fcck (Generalprobe oder Presseshow) und fange die Emotionen der Szenen, die imposanten Bilder und die bewegenden Momente ein.Die Fotos bekommt ihr in Hochaufl\u00f6send (Bildband, Programmheft) und im Webformat (Social Media Werbung)\u00a0 Weitere Infos bald The Rehearsal Ich begleite euch w\u00e4hrend eines Probentages und halte die einzelnen Stationen fest. Von Kost\u00fcmprobe, Maske \u00fcber die Gestaltung der Szenen bis hin zur Choreoprobe &#8211; alles auf eure Bed\u00fcrfnisse zugeschnitten und eine sch\u00f6ne Erinnerung an die Spiel- und Probenzeit.\u00a0 Weitere Infos bald Mug Shot Gerne fertige ich Portraits der gesamten Cast &amp; Crew an.\u00a0 Einheitliche Fotos geben den Programmheften einen hochwertigeren Look. Mit dem mobilen Studiosetting komme ich zu euch und fertige die Portraits an.\u00a0 Weitere Infos bald Role Portrait Ihr m\u00f6chtet euren Charakter in einer inszinierten Fotografie ablichten? Dann seid ihr hier richtig. Eure Rolle wird in eurem Kost\u00fcm und Maske, sowie Requisiten, festgehalten.Entweder in der Kulisse oder vor einem neutralen Hintergrund. Sowohl als Solomotive oder Gruppenszene umsetzbar. Weitere Infos bald Artist Portrait Der erste Eindruck z\u00e4hlt &#8211; und f\u00fcr ihn gibt es keine zweite Chance. Oftmals entscheidet neben eurer Vita auch der optische Eindruck, ob ihr zur Rolle passt.\u00a0 Neue Portraitaufnahmen k\u00f6nnen outdoor, on location oder im Studio entstehen.\u00a0 Weitere Infos bald<\/p>\n","protected":false},"author":1,"featured_media":0,"parent":0,"menu_order":0,"comment_status":"closed","ping_status":"closed","template":"","meta":{"footnotes":""},"class_list":["post-598","page","type-page","status-publish","hentry"],"_links":{"self":[{"href":"https:\/\/dunkelbunt-productions.de\/index.php?rest_route=\/wp\/v2\/pages\/598","targetHints":{"allow":["GET"]}}],"collection":[{"href":"https:\/\/dunkelbunt-productions.de\/index.php?rest_route=\/wp\/v2\/pages"}],"about":[{"href":"https:\/\/dunkelbunt-productions.de\/index.php?rest_route=\/wp\/v2\/types\/page"}],"author":[{"embeddable":true,"href":"https:\/\/dunkelbunt-productions.de\/index.php?rest_route=\/wp\/v2\/users\/1"}],"replies":[{"embeddable":true,"href":"https:\/\/dunkelbunt-productions.de\/index.php?rest_route=%2Fwp%2Fv2%2Fcomments&post=598"}],"version-history":[{"count":23,"href":"https:\/\/dunkelbunt-productions.de\/index.php?rest_route=\/wp\/v2\/pages\/598\/revisions"}],"predecessor-version":[{"id":1332,"href":"https:\/\/dunkelbunt-productions.de\/index.php?rest_route=\/wp\/v2\/pages\/598\/revisions\/1332"}],"wp:attachment":[{"href":"https:\/\/dunkelbunt-productions.de\/index.php?rest_route=%2Fwp%2Fv2%2Fmedia&parent=598"}],"curies":[{"name":"wp","href":"https:\/\/api.w.org\/{rel}","templated":true}]}}