{"id":191,"date":"2024-03-31T13:42:01","date_gmt":"2024-03-31T13:42:01","guid":{"rendered":"https:\/\/dunkelbunt-productions.de\/?page_id=191"},"modified":"2025-06-15T09:50:09","modified_gmt":"2025-06-15T09:50:09","slug":"about","status":"publish","type":"page","link":"https:\/\/dunkelbunt-productions.de\/?page_id=191","title":{"rendered":"Lerne das Dunkelbunt Team kennen"},"content":{"rendered":"\t\t<div data-elementor-type=\"wp-page\" data-elementor-id=\"191\" class=\"elementor elementor-191\" data-elementor-post-type=\"page\">\n\t\t\t\t<div class=\"elementor-element elementor-element-39bb680 e-flex e-con-boxed e-con e-parent\" data-id=\"39bb680\" data-element_type=\"container\" data-e-type=\"container\">\n\t\t\t\t\t<div class=\"e-con-inner\">\n\t\t<div class=\"elementor-element elementor-element-24f287d e-con-full e-flex e-con e-child\" data-id=\"24f287d\" data-element_type=\"container\" data-e-type=\"container\">\n\t\t\t\t<div class=\"elementor-element elementor-element-e82402b elementor-widget elementor-widget-image\" data-id=\"e82402b\" data-element_type=\"widget\" data-e-type=\"widget\" data-widget_type=\"image.default\">\n\t\t\t\t<div class=\"elementor-widget-container\">\n\t\t\t\t\t\t\t\t\t\t\t\t\t\t\t<img fetchpriority=\"high\" decoding=\"async\" width=\"960\" height=\"862\" src=\"https:\/\/dunkelbunt-productions.de\/wp-content\/uploads\/2024\/04\/PP-2_1708941433709-scaled-e1711957799267-1024x919.jpg\" class=\"attachment-large size-large wp-image-232\" alt=\"\" srcset=\"https:\/\/dunkelbunt-productions.de\/wp-content\/uploads\/2024\/04\/PP-2_1708941433709-scaled-e1711957799267-1024x919.jpg 1024w, https:\/\/dunkelbunt-productions.de\/wp-content\/uploads\/2024\/04\/PP-2_1708941433709-scaled-e1711957799267-300x269.jpg 300w, https:\/\/dunkelbunt-productions.de\/wp-content\/uploads\/2024\/04\/PP-2_1708941433709-scaled-e1711957799267-768x689.jpg 768w, https:\/\/dunkelbunt-productions.de\/wp-content\/uploads\/2024\/04\/PP-2_1708941433709-scaled-e1711957799267-1536x1379.jpg 1536w, https:\/\/dunkelbunt-productions.de\/wp-content\/uploads\/2024\/04\/PP-2_1708941433709-scaled-e1711957799267-1140x1023.jpg 1140w\" sizes=\"(max-width: 960px) 100vw, 960px\" \/>\t\t\t\t\t\t\t\t\t\t\t\t\t\t\t<\/div>\n\t\t\t\t<\/div>\n\t\t\t\t<\/div>\n\t\t<div class=\"elementor-element elementor-element-1a755a0 e-con-full e-flex e-con e-child\" data-id=\"1a755a0\" data-element_type=\"container\" data-e-type=\"container\">\n\t\t<div class=\"elementor-element elementor-element-683ceea e-flex e-con-boxed e-con e-child\" data-id=\"683ceea\" data-element_type=\"container\" data-e-type=\"container\">\n\t\t\t\t\t<div class=\"e-con-inner\">\n\t\t\t\t<div class=\"elementor-element elementor-element-2adb9fc elementor-widget elementor-widget-heading\" data-id=\"2adb9fc\" data-element_type=\"widget\" data-e-type=\"widget\" data-widget_type=\"heading.default\">\n\t\t\t\t<div class=\"elementor-widget-container\">\n\t\t\t\t\t<h2 class=\"elementor-heading-title elementor-size-default\">Steffi Valerie<\/h2>\t\t\t\t<\/div>\n\t\t\t\t<\/div>\n\t\t\t\t\t<\/div>\n\t\t\t\t<\/div>\n\t\t<div class=\"elementor-element elementor-element-4cb4207 e-flex e-con-boxed e-con e-child\" data-id=\"4cb4207\" data-element_type=\"container\" data-e-type=\"container\">\n\t\t\t\t\t<div class=\"e-con-inner\">\n\t\t\t\t<div class=\"elementor-element elementor-element-f770d00 elementor-widget elementor-widget-text-editor\" data-id=\"f770d00\" data-element_type=\"widget\" data-e-type=\"widget\" data-widget_type=\"text-editor.default\">\n\t\t\t\t<div class=\"elementor-widget-container\">\n\t\t\t\t\t\t\t\t\t<p>Mein Name ist Steffi (Valerie) und ich wohne in Kamen bei Dortmund.<br>Nach dem Abi schloss 2012 ich meine Ausbildung als Fachangestellte f\u00fcr Medien und Informationsdienste ab. Dennoch zog es mich neben dem Medienbereich immer wieder in die kreative Ecke und ich begann, neben der Leitung einer Produktionsfirma f\u00fcr Musicals &amp; Shows, verschiedene Kurse und Weiterbildungen zu besuchen. Von Storytelling \u00fcber eine Fotoschule und Photoshop Kursen bis hin zur Weiterbildung als Musikvideo Produzentin habe ich mir St\u00fcck f\u00fcr St\u00fcck verchiedene Fertigkeiten angeeignet, die ich nun im Dunkelbunt Portfolio anbieten kann.<br>2022 ver\u00f6ffebtlichte ich meinen Roman &#8222;Das Geheimnis von Noellenberg&#8220;, 2023 erblickte mir SOKO MORD mein erstes Livekrimi Spiel das Licht der Welt.&nbsp;<br><span style=\"letter-spacing: 0px;\">Weitere Ver\u00f6ffentlichungen, Krimispiel-F\u00e4lle, sowie ein Theaterst\u00fcck sind aktuell in Planung.<\/span><\/p><p>Nebenbei lerne ich auch noch Harfe und Dudelsack.&nbsp;<br>Kurzum: Was ist Langeweile???<\/p>\t\t\t\t\t\t\t\t<\/div>\n\t\t\t\t<\/div>\n\t\t\t\t\t<\/div>\n\t\t\t\t<\/div>\n\t\t\t\t<\/div>\n\t\t\t\t\t<\/div>\n\t\t\t\t<\/div>\n\t\t<div class=\"elementor-element elementor-element-eb8ec8c e-flex e-con-boxed e-con e-parent\" data-id=\"eb8ec8c\" data-element_type=\"container\" data-e-type=\"container\">\n\t\t\t\t\t<div class=\"e-con-inner\">\n\t\t<div class=\"elementor-element elementor-element-4d3ae59 e-con-full e-flex e-con e-child\" data-id=\"4d3ae59\" data-element_type=\"container\" data-e-type=\"container\">\n\t\t\t\t<div class=\"elementor-element elementor-element-63ef398 elementor-widget elementor-widget-image\" data-id=\"63ef398\" data-element_type=\"widget\" data-e-type=\"widget\" data-widget_type=\"image.default\">\n\t\t\t\t<div class=\"elementor-widget-container\">\n\t\t\t\t\t\t\t\t\t\t\t\t\t\t\t<img decoding=\"async\" width=\"960\" height=\"720\" src=\"https:\/\/dunkelbunt-productions.de\/wp-content\/uploads\/2024\/04\/CIMG1854-1024x768.jpg\" class=\"attachment-large size-large wp-image-237\" alt=\"\" srcset=\"https:\/\/dunkelbunt-productions.de\/wp-content\/uploads\/2024\/04\/CIMG1854-1024x768.jpg 1024w, https:\/\/dunkelbunt-productions.de\/wp-content\/uploads\/2024\/04\/CIMG1854-300x225.jpg 300w, https:\/\/dunkelbunt-productions.de\/wp-content\/uploads\/2024\/04\/CIMG1854-768x576.jpg 768w, https:\/\/dunkelbunt-productions.de\/wp-content\/uploads\/2024\/04\/CIMG1854-1536x1152.jpg 1536w, https:\/\/dunkelbunt-productions.de\/wp-content\/uploads\/2024\/04\/CIMG1854-2048x1536.jpg 2048w, https:\/\/dunkelbunt-productions.de\/wp-content\/uploads\/2024\/04\/CIMG1854-1140x855.jpg 1140w\" sizes=\"(max-width: 960px) 100vw, 960px\" \/>\t\t\t\t\t\t\t\t\t\t\t\t\t\t\t<\/div>\n\t\t\t\t<\/div>\n\t\t\t\t<\/div>\n\t\t<div class=\"elementor-element elementor-element-b653993 e-con-full e-flex e-con e-child\" data-id=\"b653993\" data-element_type=\"container\" data-e-type=\"container\">\n\t\t<div class=\"elementor-element elementor-element-88eebeb e-flex e-con-boxed e-con e-child\" data-id=\"88eebeb\" data-element_type=\"container\" data-e-type=\"container\">\n\t\t\t\t\t<div class=\"e-con-inner\">\n\t\t\t\t<div class=\"elementor-element elementor-element-1976b44 elementor-widget elementor-widget-heading\" data-id=\"1976b44\" data-element_type=\"widget\" data-e-type=\"widget\" data-widget_type=\"heading.default\">\n\t\t\t\t<div class=\"elementor-widget-container\">\n\t\t\t\t\t<h2 class=\"elementor-heading-title elementor-size-default\">Schnurrbert Jr.<\/h2>\t\t\t\t<\/div>\n\t\t\t\t<\/div>\n\t\t\t\t\t<\/div>\n\t\t\t\t<\/div>\n\t\t<div class=\"elementor-element elementor-element-0615232 e-flex e-con-boxed e-con e-child\" data-id=\"0615232\" data-element_type=\"container\" data-e-type=\"container\">\n\t\t\t\t\t<div class=\"e-con-inner\">\n\t\t\t\t<div class=\"elementor-element elementor-element-8909a52 elementor-widget elementor-widget-text-editor\" data-id=\"8909a52\" data-element_type=\"widget\" data-e-type=\"widget\" data-widget_type=\"text-editor.default\">\n\t\t\t\t<div class=\"elementor-widget-container\">\n\t\t\t\t\t\t\t\t\t<p>Schnurrbert Jr. ist der heimliche Oberboss der Dunkelbunt Productions.<br \/>Wie es sich f\u00fcr einen Chef geh\u00f6rt, hat er immer was zu meckern. Besonders die P\u00fcnktlichkeit des hauseignen Caterings l\u00e4sst seiner Meinung nach zu w\u00fcnschen \u00fcbrig. St\u00e4ndig muss er bereits 2 Stunden vor der Cateringlieferung daran erinnern, den Zeitplan genaustens einzuhalten.<\/p><p>Ansonsten spart der nicht mit <del>Meinungs\u00e4u\u00dferungen <\/del>Verbesserungsideen zu s\u00e4mtlichen Arbeitsschritten und kontrolliert in regelm\u00e4\u00dfigen Abst\u00e4nden die Produktivit\u00e4t seiner Angestellten. Zudem ist er zertifizierter Qualit\u00e4tskontrolleur von Pappkartons. (Das behauptet er zumindest)<\/p><p>Das er hier an letzter Position steht, missf\u00e4llt ihm sehr.<\/p>\t\t\t\t\t\t\t\t<\/div>\n\t\t\t\t<\/div>\n\t\t\t\t\t<\/div>\n\t\t\t\t<\/div>\n\t\t\t\t<\/div>\n\t\t\t\t\t<\/div>\n\t\t\t\t<\/div>\n\t\t\t\t<\/div>\n\t\t","protected":false},"excerpt":{"rendered":"<p>Steffi Valerie Mein Name ist Steffi (Valerie) und ich wohne in Kamen bei Dortmund.Nach dem Abi schloss 2012 ich meine Ausbildung als Fachangestellte f\u00fcr Medien und Informationsdienste ab. Dennoch zog es mich neben dem Medienbereich immer wieder in die kreative Ecke und ich begann, neben der Leitung einer Produktionsfirma f\u00fcr Musicals &amp; Shows, verschiedene Kurse und Weiterbildungen zu besuchen. Von Storytelling \u00fcber eine Fotoschule und Photoshop Kursen bis hin zur Weiterbildung als Musikvideo Produzentin habe ich mir St\u00fcck f\u00fcr St\u00fcck verchiedene Fertigkeiten angeeignet, die ich nun im Dunkelbunt Portfolio anbieten kann.2022 ver\u00f6ffebtlichte ich meinen Roman &#8222;Das Geheimnis von Noellenberg&#8220;, 2023 erblickte mir SOKO MORD mein erstes Livekrimi Spiel das Licht der Welt.&nbsp;Weitere Ver\u00f6ffentlichungen, Krimispiel-F\u00e4lle, sowie ein Theaterst\u00fcck sind aktuell in Planung. Nebenbei lerne ich auch noch Harfe und Dudelsack.&nbsp;Kurzum: Was ist Langeweile??? Schnurrbert Jr. Schnurrbert Jr. ist der heimliche Oberboss der Dunkelbunt Productions.Wie es sich f\u00fcr einen Chef geh\u00f6rt, hat er immer was zu meckern. Besonders die P\u00fcnktlichkeit des hauseignen Caterings l\u00e4sst seiner Meinung nach zu w\u00fcnschen \u00fcbrig. St\u00e4ndig muss er bereits 2 Stunden vor der Cateringlieferung daran erinnern, den Zeitplan genaustens einzuhalten. Ansonsten spart der nicht mit Meinungs\u00e4u\u00dferungen Verbesserungsideen zu s\u00e4mtlichen Arbeitsschritten und kontrolliert in regelm\u00e4\u00dfigen Abst\u00e4nden die Produktivit\u00e4t seiner Angestellten. Zudem ist er zertifizierter Qualit\u00e4tskontrolleur von Pappkartons. (Das behauptet er zumindest) Das er hier an letzter Position steht, missf\u00e4llt ihm sehr.<\/p>\n","protected":false},"author":1,"featured_media":0,"parent":0,"menu_order":0,"comment_status":"closed","ping_status":"closed","template":"","meta":{"footnotes":""},"class_list":["post-191","page","type-page","status-publish","hentry"],"_links":{"self":[{"href":"https:\/\/dunkelbunt-productions.de\/index.php?rest_route=\/wp\/v2\/pages\/191","targetHints":{"allow":["GET"]}}],"collection":[{"href":"https:\/\/dunkelbunt-productions.de\/index.php?rest_route=\/wp\/v2\/pages"}],"about":[{"href":"https:\/\/dunkelbunt-productions.de\/index.php?rest_route=\/wp\/v2\/types\/page"}],"author":[{"embeddable":true,"href":"https:\/\/dunkelbunt-productions.de\/index.php?rest_route=\/wp\/v2\/users\/1"}],"replies":[{"embeddable":true,"href":"https:\/\/dunkelbunt-productions.de\/index.php?rest_route=%2Fwp%2Fv2%2Fcomments&post=191"}],"version-history":[{"count":29,"href":"https:\/\/dunkelbunt-productions.de\/index.php?rest_route=\/wp\/v2\/pages\/191\/revisions"}],"predecessor-version":[{"id":946,"href":"https:\/\/dunkelbunt-productions.de\/index.php?rest_route=\/wp\/v2\/pages\/191\/revisions\/946"}],"wp:attachment":[{"href":"https:\/\/dunkelbunt-productions.de\/index.php?rest_route=%2Fwp%2Fv2%2Fmedia&parent=191"}],"curies":[{"name":"wp","href":"https:\/\/api.w.org\/{rel}","templated":true}]}}