{"id":173,"date":"2024-03-31T13:34:23","date_gmt":"2024-03-31T13:34:23","guid":{"rendered":"https:\/\/dunkelbunt-productions.de\/?page_id=173"},"modified":"2026-01-14T19:43:27","modified_gmt":"2026-01-14T19:43:27","slug":"musikvideos","status":"publish","type":"page","link":"https:\/\/dunkelbunt-productions.de\/?page_id=173","title":{"rendered":"Video"},"content":{"rendered":"\t\t<div data-elementor-type=\"wp-page\" data-elementor-id=\"173\" class=\"elementor elementor-173\" data-elementor-post-type=\"page\">\n\t\t\t\t<div class=\"elementor-element elementor-element-4e67760 e-flex e-con-boxed e-con e-parent\" data-id=\"4e67760\" data-element_type=\"container\" data-e-type=\"container\">\n\t\t\t\t\t<div class=\"e-con-inner\">\n\t\t<div class=\"elementor-element elementor-element-6d2e9ad e-con-full e-flex e-con e-child\" data-id=\"6d2e9ad\" data-element_type=\"container\" data-e-type=\"container\">\n\t\t\t\t<div class=\"elementor-element elementor-element-b987df2 elementor-widget elementor-widget-image\" data-id=\"b987df2\" data-element_type=\"widget\" data-e-type=\"widget\" data-widget_type=\"image.default\">\n\t\t\t\t<div class=\"elementor-widget-container\">\n\t\t\t\t\t\t\t\t\t\t\t\t\t\t\t<img fetchpriority=\"high\" decoding=\"async\" width=\"500\" height=\"500\" src=\"https:\/\/dunkelbunt-productions.de\/wp-content\/uploads\/2026\/01\/Dunkelbunt-1.png\" class=\"attachment-large size-large wp-image-1246\" alt=\"\" srcset=\"https:\/\/dunkelbunt-productions.de\/wp-content\/uploads\/2026\/01\/Dunkelbunt-1.png 500w, https:\/\/dunkelbunt-productions.de\/wp-content\/uploads\/2026\/01\/Dunkelbunt-1-300x300.png 300w, https:\/\/dunkelbunt-productions.de\/wp-content\/uploads\/2026\/01\/Dunkelbunt-1-150x150.png 150w, https:\/\/dunkelbunt-productions.de\/wp-content\/uploads\/2026\/01\/Dunkelbunt-1-75x75.png 75w\" sizes=\"(max-width: 500px) 100vw, 500px\" \/>\t\t\t\t\t\t\t\t\t\t\t\t\t\t\t<\/div>\n\t\t\t\t<\/div>\n\t\t\t\t<\/div>\n\t\t<div class=\"elementor-element elementor-element-d6d1dde e-con-full e-flex e-con e-child\" data-id=\"d6d1dde\" data-element_type=\"container\" data-e-type=\"container\">\n\t\t\t\t<div class=\"elementor-element elementor-element-5457948 elementor-widget elementor-widget-text-editor\" data-id=\"5457948\" data-element_type=\"widget\" data-e-type=\"widget\" data-widget_type=\"text-editor.default\">\n\t\t\t\t<div class=\"elementor-widget-container\">\n\t\t\t\t\t\t\t\t\t<p>Du ben\u00f6tigst ein Musikvideo, ein Recap eurer Show oder ein Lyric Video?<br \/>Du m\u00f6chtest mit geringem Aufwand und ohne horrende Kosten spannende Effekte erzielen?<br \/>Mit Dunkelbunt an deiner Seite ist das kein Problem.<\/p><p>Du denkst dar\u00fcber nach, mit deiner Musik den n\u00e4chsten Schritt zu wagen und ein Musikvideo oder Lyricvideo zu produzieren?\u00a0<br \/>Vielleicht hast du ja bereits eine grundlegende Idee, oder setzt komplett auf frische Impulse von Au\u00dfen.\u00a0Dann schreib mich jederzeit gern an.\u00a0<\/p><p>Ich beantworte dir gern all deine Fragen und schaue, ob und wie deine W\u00fcnsche umsetzbar sind &#8211; oder welche Alternativen in dein Konzept passen.\u00a0<\/p><p>Oder m\u00f6chtest du lieber ein Livevideo, Reel oder Zusammenschnitt deines Auftritts haben?\u00a0<br \/>Gerne fange ich die besonderen Livemomente nicht nur fotografisch, sondern auch im Video ein.\u00a0<\/p>\t\t\t\t\t\t\t\t<\/div>\n\t\t\t\t<\/div>\n\t\t\t\t<\/div>\n\t\t\t\t\t<\/div>\n\t\t\t\t<\/div>\n\t\t<div class=\"elementor-element elementor-element-cb27ea8 e-flex e-con-boxed e-con e-parent\" data-id=\"cb27ea8\" data-element_type=\"container\" data-e-type=\"container\">\n\t\t\t\t\t<div class=\"e-con-inner\">\n\t\t\t\t<div class=\"elementor-element elementor-element-1fefb0d elementor-headline--style-highlight elementor-widget elementor-widget-animated-headline\" data-id=\"1fefb0d\" data-element_type=\"widget\" data-e-type=\"widget\" data-settings=\"{&quot;marker&quot;:&quot;underline&quot;,&quot;highlighted_text&quot;:&quot;Infos&quot;,&quot;headline_style&quot;:&quot;highlight&quot;,&quot;loop&quot;:&quot;yes&quot;,&quot;highlight_animation_duration&quot;:1200,&quot;highlight_iteration_delay&quot;:8000}\" data-widget_type=\"animated-headline.default\">\n\t\t\t\t<div class=\"elementor-widget-container\">\n\t\t\t\t\t\t\t<h3 class=\"elementor-headline\">\n\t\t\t\t\t<span class=\"elementor-headline-plain-text elementor-headline-text-wrapper\">Videos &amp; <\/span>\n\t\t\t\t<span class=\"elementor-headline-dynamic-wrapper elementor-headline-text-wrapper\">\n\t\t\t\t\t<span class=\"elementor-headline-dynamic-text elementor-headline-text-active\">Infos<\/span>\n\t\t\t\t<\/span>\n\t\t\t\t<\/h3>\n\t\t\t\t\t\t<\/div>\n\t\t\t\t<\/div>\n\t\t\t\t\t<\/div>\n\t\t\t\t<\/div>\n\t\t<div class=\"elementor-element elementor-element-d0aef17 e-flex e-con-boxed e-con e-parent\" data-id=\"d0aef17\" data-element_type=\"container\" data-e-type=\"container\">\n\t\t\t\t\t<div class=\"e-con-inner\">\n\t\t<div class=\"elementor-element elementor-element-aaa141c e-con-full e-flex e-con e-child\" data-id=\"aaa141c\" data-element_type=\"container\" data-e-type=\"container\">\n\t\t\t\t<div class=\"elementor-element elementor-element-8e108c9 elementor-headline--style-rotate elementor-widget elementor-widget-animated-headline\" data-id=\"8e108c9\" data-element_type=\"widget\" data-e-type=\"widget\" data-settings=\"{&quot;headline_style&quot;:&quot;rotate&quot;,&quot;animation_type&quot;:&quot;typing&quot;,&quot;loop&quot;:&quot;yes&quot;,&quot;rotate_iteration_delay&quot;:2500}\" data-widget_type=\"animated-headline.default\">\n\t\t\t\t<div class=\"elementor-widget-container\">\n\t\t\t\t\t\t\t<h3 class=\"elementor-headline elementor-headline-animation-type-typing elementor-headline-letters\">\n\t\t\t\t\t<span class=\"elementor-headline-plain-text elementor-headline-text-wrapper\">Lyric Video: Hell Is Here <\/span>\n\t\t\t\t<span class=\"elementor-headline-dynamic-wrapper elementor-headline-text-wrapper\">\n\t\t\t\t<\/span>\n\t\t\t\t<\/h3>\n\t\t\t\t\t\t<\/div>\n\t\t\t\t<\/div>\n\t\t\t\t<div class=\"elementor-element elementor-element-674caa9 elementor-widget elementor-widget-video\" data-id=\"674caa9\" data-element_type=\"widget\" data-e-type=\"widget\" data-settings=\"{&quot;youtube_url&quot;:&quot;https:\\\/\\\/youtu.be\\\/syNS32kgE7s?si=eoShAB77wEMLKco_&quot;,&quot;video_type&quot;:&quot;youtube&quot;,&quot;controls&quot;:&quot;yes&quot;}\" data-widget_type=\"video.default\">\n\t\t\t\t<div class=\"elementor-widget-container\">\n\t\t\t\t\t\t\t<div class=\"elementor-wrapper elementor-open-inline\">\n\t\t\t<div class=\"elementor-video\"><\/div>\t\t<\/div>\n\t\t\t\t\t\t<\/div>\n\t\t\t\t<\/div>\n\t\t\t\t<\/div>\n\t\t<div class=\"elementor-element elementor-element-5f05884 e-con-full e-flex e-con e-child\" data-id=\"5f05884\" data-element_type=\"container\" data-e-type=\"container\">\n\t\t\t\t<div class=\"elementor-element elementor-element-d1c1eb0 elementor-widget elementor-widget-text-editor\" data-id=\"d1c1eb0\" data-element_type=\"widget\" data-e-type=\"widget\" data-widget_type=\"text-editor.default\">\n\t\t\t\t<div class=\"elementor-widget-container\">\n\t\t\t\t\t\t\t\t\t<p>Dieses Video wurde in der Abstellkammer meines ehemaligen Studios gedreht. Daf\u00fcr wurden 3 W\u00e4nde g\u00e4nzlich mit dem Schriftzug des Titels beklebt.\u00a0<br \/>Das Setting bestand aus: <br \/>&#8211; Schreibtisch, der geweathered wurde, damit er abgenutzt aussieht<br \/>&#8211; der unebenen Wand des Raumes<br \/>&#8211; einem Fotoalbum<br \/>&#8211; ausgedruckten Lyrics im &#8222;Drohbrief Stil&#8220;<br \/>&#8211; ca. 635 Ausdrucken des Titels in unterschiedlichen Schriftgr\u00f6\u00dfen\u00a0<\/p><p>Die Idee des K\u00fcnstlers war, eine dystopische Stimmung zu erzeugen, die das Zusehen &#8222;unangenehm&#8220; machen. Es sollte viel Grain f\u00fcr eine postapokalyptische Perspektive vearbeitet werden und die Warnungen vor dem menschgemachten Weltuntergang immer eindringlicher werden. Die Wirkung sollte die eines Drohbriefes an die Menschen sein, sich mehr um die Umwelt zu k\u00fcmmern.\u00a0<\/p>\t\t\t\t\t\t\t\t<\/div>\n\t\t\t\t<\/div>\n\t\t\t\t<\/div>\n\t\t\t\t\t<\/div>\n\t\t\t\t<\/div>\n\t\t\t\t<\/div>\n\t\t","protected":false},"excerpt":{"rendered":"<p>Du ben\u00f6tigst ein Musikvideo, ein Recap eurer Show oder ein Lyric Video?Du m\u00f6chtest mit geringem Aufwand und ohne horrende Kosten spannende Effekte erzielen?Mit Dunkelbunt an deiner Seite ist das kein Problem. Du denkst dar\u00fcber nach, mit deiner Musik den n\u00e4chsten Schritt zu wagen und ein Musikvideo oder Lyricvideo zu produzieren?\u00a0Vielleicht hast du ja bereits eine grundlegende Idee, oder setzt komplett auf frische Impulse von Au\u00dfen.\u00a0Dann schreib mich jederzeit gern an.\u00a0 Ich beantworte dir gern all deine Fragen und schaue, ob und wie deine W\u00fcnsche umsetzbar sind &#8211; oder welche Alternativen in dein Konzept passen.\u00a0 Oder m\u00f6chtest du lieber ein Livevideo, Reel oder Zusammenschnitt deines Auftritts haben?\u00a0Gerne fange ich die besonderen Livemomente nicht nur fotografisch, sondern auch im Video ein.\u00a0 Videos &amp; Infos Lyric Video: Hell Is Here https:\/\/youtu.be\/syNS32kgE7s?si=eoShAB77wEMLKco_ Dieses Video wurde in der Abstellkammer meines ehemaligen Studios gedreht. Daf\u00fcr wurden 3 W\u00e4nde g\u00e4nzlich mit dem Schriftzug des Titels beklebt.\u00a0Das Setting bestand aus: &#8211; Schreibtisch, der geweathered wurde, damit er abgenutzt aussieht&#8211; der unebenen Wand des Raumes&#8211; einem Fotoalbum&#8211; ausgedruckten Lyrics im &#8222;Drohbrief Stil&#8220;&#8211; ca. 635 Ausdrucken des Titels in unterschiedlichen Schriftgr\u00f6\u00dfen\u00a0 Die Idee des K\u00fcnstlers war, eine dystopische Stimmung zu erzeugen, die das Zusehen &#8222;unangenehm&#8220; machen. Es sollte viel Grain f\u00fcr eine postapokalyptische Perspektive vearbeitet werden und die Warnungen vor dem menschgemachten Weltuntergang immer eindringlicher werden. Die Wirkung sollte die eines Drohbriefes an die Menschen sein, sich mehr um die Umwelt zu k\u00fcmmern.\u00a0<\/p>\n","protected":false},"author":1,"featured_media":0,"parent":0,"menu_order":0,"comment_status":"closed","ping_status":"closed","template":"","meta":{"footnotes":""},"class_list":["post-173","page","type-page","status-publish","hentry"],"_links":{"self":[{"href":"https:\/\/dunkelbunt-productions.de\/index.php?rest_route=\/wp\/v2\/pages\/173","targetHints":{"allow":["GET"]}}],"collection":[{"href":"https:\/\/dunkelbunt-productions.de\/index.php?rest_route=\/wp\/v2\/pages"}],"about":[{"href":"https:\/\/dunkelbunt-productions.de\/index.php?rest_route=\/wp\/v2\/types\/page"}],"author":[{"embeddable":true,"href":"https:\/\/dunkelbunt-productions.de\/index.php?rest_route=\/wp\/v2\/users\/1"}],"replies":[{"embeddable":true,"href":"https:\/\/dunkelbunt-productions.de\/index.php?rest_route=%2Fwp%2Fv2%2Fcomments&post=173"}],"version-history":[{"count":35,"href":"https:\/\/dunkelbunt-productions.de\/index.php?rest_route=\/wp\/v2\/pages\/173\/revisions"}],"predecessor-version":[{"id":1249,"href":"https:\/\/dunkelbunt-productions.de\/index.php?rest_route=\/wp\/v2\/pages\/173\/revisions\/1249"}],"wp:attachment":[{"href":"https:\/\/dunkelbunt-productions.de\/index.php?rest_route=%2Fwp%2Fv2%2Fmedia&parent=173"}],"curies":[{"name":"wp","href":"https:\/\/api.w.org\/{rel}","templated":true}]}}