{"id":1266,"date":"2026-01-20T17:17:21","date_gmt":"2026-01-20T17:17:21","guid":{"rendered":"https:\/\/dunkelbunt-productions.de\/?page_id=1266"},"modified":"2026-01-20T17:42:38","modified_gmt":"2026-01-20T17:42:38","slug":"merchandise","status":"publish","type":"page","link":"https:\/\/dunkelbunt-productions.de\/?page_id=1266","title":{"rendered":"Merchandise"},"content":{"rendered":"\t\t<div data-elementor-type=\"wp-page\" data-elementor-id=\"1266\" class=\"elementor elementor-1266\" data-elementor-post-type=\"page\">\n\t\t\t\t<div class=\"elementor-element elementor-element-47aa330 e-flex e-con-boxed e-con e-parent\" data-id=\"47aa330\" data-element_type=\"container\" data-e-type=\"container\">\n\t\t\t\t\t<div class=\"e-con-inner\">\n\t\t<div class=\"elementor-element elementor-element-a7df4d9 e-con-full e-flex e-con e-child\" data-id=\"a7df4d9\" data-element_type=\"container\" data-e-type=\"container\">\n\t\t\t\t<div class=\"elementor-element elementor-element-77442e3 elementor-widget elementor-widget-image\" data-id=\"77442e3\" data-element_type=\"widget\" data-e-type=\"widget\" data-widget_type=\"image.default\">\n\t\t\t\t<div class=\"elementor-widget-container\">\n\t\t\t\t\t\t\t\t\t\t\t\t\t\t\t<img fetchpriority=\"high\" decoding=\"async\" width=\"500\" height=\"500\" src=\"https:\/\/dunkelbunt-productions.de\/wp-content\/uploads\/2026\/01\/Sets.png\" class=\"attachment-large size-large wp-image-1262\" alt=\"\" srcset=\"https:\/\/dunkelbunt-productions.de\/wp-content\/uploads\/2026\/01\/Sets.png 500w, https:\/\/dunkelbunt-productions.de\/wp-content\/uploads\/2026\/01\/Sets-300x300.png 300w, https:\/\/dunkelbunt-productions.de\/wp-content\/uploads\/2026\/01\/Sets-150x150.png 150w, https:\/\/dunkelbunt-productions.de\/wp-content\/uploads\/2026\/01\/Sets-75x75.png 75w\" sizes=\"(max-width: 500px) 100vw, 500px\" \/>\t\t\t\t\t\t\t\t\t\t\t\t\t\t\t<\/div>\n\t\t\t\t<\/div>\n\t\t\t\t<\/div>\n\t\t<div class=\"elementor-element elementor-element-e6b87c0 e-con-full e-flex e-con e-child\" data-id=\"e6b87c0\" data-element_type=\"container\" data-e-type=\"container\">\n\t\t\t\t<div class=\"elementor-element elementor-element-7d2135a elementor-widget elementor-widget-text-editor\" data-id=\"7d2135a\" data-element_type=\"widget\" data-e-type=\"widget\" data-widget_type=\"text-editor.default\">\n\t\t\t\t<div class=\"elementor-widget-container\">\n\t\t\t\t\t\t\t\t\t<p>Merchandise ist mehr als ein einfaches Massen Produkt \u2013 es weckt Emotionen und bewahrt Erinnerungen f\u00fcr die Fans.&nbsp;<br>Daher sollte euer Merch auch zu 100% zu eurer Bandmarke passen.<br>Gerne gestalte ich f\u00fcr euch ein Produktdesign, dass Geschichten erz\u00e4hlt, die Fans zusammenbringt und Wiedererkennungswert f\u00fcr eure Band schafft.<\/p>\n<p>Ob Kleidung, Accessoires oder Promo-Artikel &#8211; jedes Design wird auf euer Bandkonzept ma\u00dfgeschneidert -bzw. entworfen.&nbsp;<\/p>\n<p>Durch meine Aushilfst\u00e4tigkeiten an verschiedenen Merchandise St\u00e4nden, von kleinem Club Gig zu gro\u00dfem Festival, habe ich ein gutes Gef\u00fchl f\u00fcr verkaufsstarke Designs entwickelt.&nbsp;<\/p><p>Gerne unterst\u00fctze ich euch auch &#8211; falls noch nicht vorhanden &#8211; bei der Gestaltung und Einrichtung eines Webshops oder beim Live Verkauf auf Events, Festivals &amp; Shows.&nbsp;<\/p>\t\t\t\t\t\t\t\t<\/div>\n\t\t\t\t<\/div>\n\t\t\t\t<\/div>\n\t\t\t\t\t<\/div>\n\t\t\t\t<\/div>\n\t\t<div class=\"elementor-element elementor-element-a54f84c e-flex e-con-boxed e-con e-parent\" data-id=\"a54f84c\" data-element_type=\"container\" data-e-type=\"container\">\n\t\t\t\t\t<div class=\"e-con-inner\">\n\t\t\t\t<div class=\"elementor-element elementor-element-fcc22d1 elementor-headline--style-highlight elementor-widget elementor-widget-animated-headline\" data-id=\"fcc22d1\" data-element_type=\"widget\" data-e-type=\"widget\" data-settings=\"{&quot;marker&quot;:&quot;underline&quot;,&quot;highlighted_text&quot;:&quot;Designs&quot;,&quot;headline_style&quot;:&quot;highlight&quot;,&quot;loop&quot;:&quot;yes&quot;,&quot;highlight_animation_duration&quot;:1200,&quot;highlight_iteration_delay&quot;:8000}\" data-widget_type=\"animated-headline.default\">\n\t\t\t\t<div class=\"elementor-widget-container\">\n\t\t\t\t\t\t\t<h3 class=\"elementor-headline\">\n\t\t\t\t\t<span class=\"elementor-headline-plain-text elementor-headline-text-wrapper\">Entstehung &amp;<\/span>\n\t\t\t\t<span class=\"elementor-headline-dynamic-wrapper elementor-headline-text-wrapper\">\n\t\t\t\t\t<span class=\"elementor-headline-dynamic-text elementor-headline-text-active\">Designs<\/span>\n\t\t\t\t<\/span>\n\t\t\t\t<\/h3>\n\t\t\t\t\t\t<\/div>\n\t\t\t\t<\/div>\n\t\t\t\t\t<\/div>\n\t\t\t\t<\/div>\n\t\t<div class=\"elementor-element elementor-element-9aaa835 e-flex e-con-boxed e-con e-parent\" data-id=\"9aaa835\" data-element_type=\"container\" data-e-type=\"container\">\n\t\t\t\t\t<div class=\"e-con-inner\">\n\t\t\t\t<div class=\"elementor-element elementor-element-21d228f elementor-arrows-position-inside elementor-pagination-position-outside elementor-widget elementor-widget-image-carousel\" data-id=\"21d228f\" data-element_type=\"widget\" data-e-type=\"widget\" data-settings=\"{&quot;navigation&quot;:&quot;both&quot;,&quot;autoplay&quot;:&quot;yes&quot;,&quot;pause_on_hover&quot;:&quot;yes&quot;,&quot;pause_on_interaction&quot;:&quot;yes&quot;,&quot;autoplay_speed&quot;:5000,&quot;infinite&quot;:&quot;yes&quot;,&quot;speed&quot;:500}\" data-widget_type=\"image-carousel.default\">\n\t\t\t\t<div class=\"elementor-widget-container\">\n\t\t\t\t\t\t\t<div class=\"elementor-image-carousel-wrapper swiper\" role=\"region\" aria-roledescription=\"carousel\" aria-label=\"Bild Karussell\" dir=\"ltr\">\n\t\t\t<div class=\"elementor-image-carousel swiper-wrapper\" aria-live=\"off\">\n\t\t\t\t\t\t\t\t<div class=\"swiper-slide\" role=\"group\" aria-roledescription=\"slide\" aria-label=\"1 von 3\"><figure class=\"swiper-slide-inner\"><img decoding=\"async\" class=\"swiper-slide-image\" src=\"https:\/\/dunkelbunt-productions.de\/wp-content\/uploads\/2026\/01\/Bardehaus_Entwurf-768x768.png\" alt=\"Bardehaus_Entwurf\" \/><\/figure><\/div><div class=\"swiper-slide\" role=\"group\" aria-roledescription=\"slide\" aria-label=\"2 von 3\"><figure class=\"swiper-slide-inner\"><img decoding=\"async\" class=\"swiper-slide-image\" src=\"https:\/\/dunkelbunt-productions.de\/wp-content\/uploads\/2026\/01\/Bardehaus_EnteZuber-768x768.png\" alt=\"Bardehaus_EnteZuber\" \/><\/figure><\/div><div class=\"swiper-slide\" role=\"group\" aria-roledescription=\"slide\" aria-label=\"3 von 3\"><figure class=\"swiper-slide-inner\"><img decoding=\"async\" class=\"swiper-slide-image\" src=\"https:\/\/dunkelbunt-productions.de\/wp-content\/uploads\/2026\/01\/file_0000000002ac6246aeb2b68f9d0b99fb-768x768.png\" alt=\"file_0000000002ac6246aeb2b68f9d0b99fb\" \/><\/figure><\/div>\t\t\t<\/div>\n\t\t\t\t\t\t\t\t\t\t\t\t<div class=\"elementor-swiper-button elementor-swiper-button-prev\" role=\"button\" tabindex=\"0\">\n\t\t\t\t\t\t<svg aria-hidden=\"true\" class=\"e-font-icon-svg e-eicon-chevron-left\" viewBox=\"0 0 1000 1000\" xmlns=\"http:\/\/www.w3.org\/2000\/svg\"><path d=\"M646 125C629 125 613 133 604 142L308 442C296 454 292 471 292 487 292 504 296 521 308 533L604 854C617 867 629 875 646 875 663 875 679 871 692 858 704 846 713 829 713 812 713 796 708 779 692 767L438 487 692 225C700 217 708 204 708 187 708 171 704 154 692 142 675 129 663 125 646 125Z\"><\/path><\/svg>\t\t\t\t\t<\/div>\n\t\t\t\t\t<div class=\"elementor-swiper-button elementor-swiper-button-next\" role=\"button\" tabindex=\"0\">\n\t\t\t\t\t\t<svg aria-hidden=\"true\" class=\"e-font-icon-svg e-eicon-chevron-right\" viewBox=\"0 0 1000 1000\" xmlns=\"http:\/\/www.w3.org\/2000\/svg\"><path d=\"M696 533C708 521 713 504 713 487 713 471 708 454 696 446L400 146C388 133 375 125 354 125 338 125 325 129 313 142 300 154 292 171 292 187 292 204 296 221 308 233L563 492 304 771C292 783 288 800 288 817 288 833 296 850 308 863 321 871 338 875 354 875 371 875 388 867 400 854L696 533Z\"><\/path><\/svg>\t\t\t\t\t<\/div>\n\t\t\t\t\n\t\t\t\t\t\t\t\t\t<div class=\"swiper-pagination\"><\/div>\n\t\t\t\t\t\t\t\t\t<\/div>\n\t\t\t\t\t\t<\/div>\n\t\t\t\t<\/div>\n\t\t\t\t\t<\/div>\n\t\t\t\t<\/div>\n\t\t\t\t<\/div>\n\t\t","protected":false},"excerpt":{"rendered":"<p>Merchandise ist mehr als ein einfaches Massen Produkt \u2013 es weckt Emotionen und bewahrt Erinnerungen f\u00fcr die Fans.&nbsp;Daher sollte euer Merch auch zu 100% zu eurer Bandmarke passen.Gerne gestalte ich f\u00fcr euch ein Produktdesign, dass Geschichten erz\u00e4hlt, die Fans zusammenbringt und Wiedererkennungswert f\u00fcr eure Band schafft. Ob Kleidung, Accessoires oder Promo-Artikel &#8211; jedes Design wird auf euer Bandkonzept ma\u00dfgeschneidert -bzw. entworfen.&nbsp; Durch meine Aushilfst\u00e4tigkeiten an verschiedenen Merchandise St\u00e4nden, von kleinem Club Gig zu gro\u00dfem Festival, habe ich ein gutes Gef\u00fchl f\u00fcr verkaufsstarke Designs entwickelt.&nbsp; Gerne unterst\u00fctze ich euch auch &#8211; falls noch nicht vorhanden &#8211; bei der Gestaltung und Einrichtung eines Webshops oder beim Live Verkauf auf Events, Festivals &amp; Shows.&nbsp; Entstehung &amp; Designs<\/p>\n","protected":false},"author":1,"featured_media":0,"parent":0,"menu_order":0,"comment_status":"closed","ping_status":"closed","template":"","meta":{"footnotes":""},"class_list":["post-1266","page","type-page","status-publish","hentry"],"_links":{"self":[{"href":"https:\/\/dunkelbunt-productions.de\/index.php?rest_route=\/wp\/v2\/pages\/1266","targetHints":{"allow":["GET"]}}],"collection":[{"href":"https:\/\/dunkelbunt-productions.de\/index.php?rest_route=\/wp\/v2\/pages"}],"about":[{"href":"https:\/\/dunkelbunt-productions.de\/index.php?rest_route=\/wp\/v2\/types\/page"}],"author":[{"embeddable":true,"href":"https:\/\/dunkelbunt-productions.de\/index.php?rest_route=\/wp\/v2\/users\/1"}],"replies":[{"embeddable":true,"href":"https:\/\/dunkelbunt-productions.de\/index.php?rest_route=%2Fwp%2Fv2%2Fcomments&post=1266"}],"version-history":[{"count":10,"href":"https:\/\/dunkelbunt-productions.de\/index.php?rest_route=\/wp\/v2\/pages\/1266\/revisions"}],"predecessor-version":[{"id":1284,"href":"https:\/\/dunkelbunt-productions.de\/index.php?rest_route=\/wp\/v2\/pages\/1266\/revisions\/1284"}],"wp:attachment":[{"href":"https:\/\/dunkelbunt-productions.de\/index.php?rest_route=%2Fwp%2Fv2%2Fmedia&parent=1266"}],"curies":[{"name":"wp","href":"https:\/\/api.w.org\/{rel}","templated":true}]}}